{"id":810,"date":"2025-10-07T14:51:00","date_gmt":"2025-10-07T12:51:00","guid":{"rendered":"https:\/\/rubi.com.py\/index.php\/producto\/heladera-whirlpool-combi-wre57ck-482-447l-evox-inverter-frio-seco-panel-touch\/"},"modified":"2026-04-22T14:15:08","modified_gmt":"2026-04-22T12:15:08","slug":"heladera-whirlpool-combi-wre57ck-482-447l-evox-inverter-frio-seco-panel-touch","status":"publish","type":"product","link":"https:\/\/rubi.com.py\/index.php\/producto\/heladera-whirlpool-combi-wre57ck-482-447l-evox-inverter-frio-seco-panel-touch\/","title":{"rendered":"HELADERA WHIRLPOOL COMBI WRE57CK 482\/447L EVOX INVERTER FRIO SECO PANEL TOUCH"},"content":{"rendered":"<p>* Twist Ice Advance. * Sistema air Flow. * Aviso hielo listo. * Espacio adapt. * Espacio fresh. * Turbo freezer. Im\u00e1genes meramente ilustrativas. Im\u00e1genes e informaci\u00f3n sujetas a cambios sin previo aviso. Detalles t\u00e9cnicos: \u2022 ANCHO: 80 CM \u2022 ALTO: 194,5 CM \u2022 LARGO: 85,5 CM \u2022 PESO: 79000 GR<\/p>\n","protected":false},"excerpt":{"rendered":"<p>* Twist Ice Advance. * Sistema air Flow. * Aviso hielo listo. * Espacio adapt. * Espacio fresh. * Turbo freezer. Im\u00e1genes meramente ilustrativas. Im\u00e1genes e informaci\u00f3n sujetas a cambios sin previo aviso.<\/p>\n","protected":false},"featured_media":4887,"comment_status":"open","ping_status":"closed","template":"","meta":{"_et_pb_use_builder":"","_et_pb_old_content":"","_et_gb_content_width":""},"product_brand":[],"product_cat":[43],"product_tag":[],"class_list":{"0":"post-810","1":"product","2":"type-product","3":"status-publish","4":"has-post-thumbnail","6":"product_cat-refrigeracion","8":"first","9":"instock","10":"shipping-taxable","11":"purchasable","12":"product-type-simple"},"_links":{"self":[{"href":"https:\/\/rubi.com.py\/index.php\/wp-json\/wp\/v2\/product\/810","targetHints":{"allow":["GET"]}}],"collection":[{"href":"https:\/\/rubi.com.py\/index.php\/wp-json\/wp\/v2\/product"}],"about":[{"href":"https:\/\/rubi.com.py\/index.php\/wp-json\/wp\/v2\/types\/product"}],"replies":[{"embeddable":true,"href":"https:\/\/rubi.com.py\/index.php\/wp-json\/wp\/v2\/comments?post=810"}],"wp:featuredmedia":[{"embeddable":true,"href":"https:\/\/rubi.com.py\/index.php\/wp-json\/wp\/v2\/media\/4887"}],"wp:attachment":[{"href":"https:\/\/rubi.com.py\/index.php\/wp-json\/wp\/v2\/media?parent=810"}],"wp:term":[{"taxonomy":"product_brand","embeddable":true,"href":"https:\/\/rubi.com.py\/index.php\/wp-json\/wp\/v2\/product_brand?post=810"},{"taxonomy":"product_cat","embeddable":true,"href":"https:\/\/rubi.com.py\/index.php\/wp-json\/wp\/v2\/product_cat?post=810"},{"taxonomy":"product_tag","embeddable":true,"href":"https:\/\/rubi.com.py\/index.php\/wp-json\/wp\/v2\/product_tag?post=810"}],"curies":[{"name":"wp","href":"https:\/\/api.w.org\/{rel}","templated":true}]}}