{"id":813,"date":"2025-10-07T15:02:03","date_gmt":"2025-10-07T13:02:03","guid":{"rendered":"https:\/\/rubi.com.py\/index.php\/producto\/congelador-tokyo-tcon160df-143-net-2functapa-ciegaluz-ledint-bla\/"},"modified":"2026-04-22T15:16:04","modified_gmt":"2026-04-22T13:16:04","slug":"congelador-tokyo-tcon160df-143-net-2functapa-ciegaluz-ledint-bla","status":"publish","type":"product","link":"https:\/\/rubi.com.py\/index.php\/producto\/congelador-tokyo-tcon160df-143-net-2functapa-ciegaluz-ledint-bla\/","title":{"rendered":"CONGELADOR TOKYO TCON160DF 143 NET 2FUNC+TAPA CIEGA+LUZ LED+INT BLA"},"content":{"rendered":"<p>* Fr\u00edo h\u00famedo TROPICALIZADO. * Sin tapa de vidrio intermedio. * Interior recubierto de EPOXI. * Clasificaci\u00f3n energ\u00e9tica A. * Capacidad 142 litros. * Llave y cerradura. * R600a Gas Eco. * Con tapa ciega. * Con ruedas. * Luz interior. * Canasta. MEDIDAS DEL PRODUCTO. * Ancho 64 cm. * Altura 85 cm. * Profundidad 55 cm. Im\u00e1genes meramente ilustrativas. Im\u00e1genes e informaci\u00f3n sujetas a cambios sin previo aviso. Detalles t\u00e9cnicos: \u2022 ANCHO: 58 CM \u2022 ALTO: 88 CM \u2022 LARGO: 67 CM \u2022 PESO: 30000 GR<\/p>\n","protected":false},"excerpt":{"rendered":"<p>* Fr\u00edo h\u00famedo TROPICALIZADO. * Sin tapa de vidrio intermedio. * Interior recubierto de EPOXI. * Clasificaci\u00f3n energ\u00e9tica A. * Capacidad 142 litros. * Llave y cerradura. * R600a Gas Eco. * Con tapa ciega. * Con ruedas. * Luz interior. * Canasta. MEDIDAS DEL PRODUCTO. * Ancho 64 cm. * Altura 85 cm. * Profundidad 55 cm. Im\u00e1genes meramente ilustrativas. Im\u00e1genes e informaci\u00f3n sujetas a cambios sin previo aviso.<\/p>\n","protected":false},"featured_media":4972,"comment_status":"open","ping_status":"closed","template":"","meta":{"_et_pb_use_builder":"","_et_pb_old_content":"","_et_gb_content_width":""},"product_brand":[],"product_cat":[43],"product_tag":[],"class_list":{"0":"post-813","1":"product","2":"type-product","3":"status-publish","4":"has-post-thumbnail","6":"product_cat-refrigeracion","8":"first","9":"instock","10":"shipping-taxable","11":"purchasable","12":"product-type-simple"},"_links":{"self":[{"href":"https:\/\/rubi.com.py\/index.php\/wp-json\/wp\/v2\/product\/813","targetHints":{"allow":["GET"]}}],"collection":[{"href":"https:\/\/rubi.com.py\/index.php\/wp-json\/wp\/v2\/product"}],"about":[{"href":"https:\/\/rubi.com.py\/index.php\/wp-json\/wp\/v2\/types\/product"}],"replies":[{"embeddable":true,"href":"https:\/\/rubi.com.py\/index.php\/wp-json\/wp\/v2\/comments?post=813"}],"wp:featuredmedia":[{"embeddable":true,"href":"https:\/\/rubi.com.py\/index.php\/wp-json\/wp\/v2\/media\/4972"}],"wp:attachment":[{"href":"https:\/\/rubi.com.py\/index.php\/wp-json\/wp\/v2\/media?parent=813"}],"wp:term":[{"taxonomy":"product_brand","embeddable":true,"href":"https:\/\/rubi.com.py\/index.php\/wp-json\/wp\/v2\/product_brand?post=813"},{"taxonomy":"product_cat","embeddable":true,"href":"https:\/\/rubi.com.py\/index.php\/wp-json\/wp\/v2\/product_cat?post=813"},{"taxonomy":"product_tag","embeddable":true,"href":"https:\/\/rubi.com.py\/index.php\/wp-json\/wp\/v2\/product_tag?post=813"}],"curies":[{"name":"wp","href":"https:\/\/api.w.org\/{rel}","templated":true}]}}