{"id":815,"date":"2025-10-07T15:02:34","date_gmt":"2025-10-07T13:02:34","guid":{"rendered":"https:\/\/rubi.com.py\/index.php\/producto\/congelador-tokyo-mod-tcon240hc-1-tapa-ciega-funcion-dual-c-ruedas-proteccion-ep\/"},"modified":"2026-04-22T15:15:42","modified_gmt":"2026-04-22T13:15:42","slug":"congelador-tokyo-mod-tcon240hc-1-tapa-ciega-funcion-dual-c-ruedas-proteccion-ep","status":"publish","type":"product","link":"https:\/\/rubi.com.py\/index.php\/producto\/congelador-tokyo-mod-tcon240hc-1-tapa-ciega-funcion-dual-c-ruedas-proteccion-ep\/","title":{"rendered":"CONGELADOR TOKYO MOD TCON240HC 1 TAPA CIEGA FUNCION DUAL C\/RUEDAS PROTECCI\u00d3N EP"},"content":{"rendered":"<p>* Doble funci\u00f3n refrigera y congela. * Capacidad neta 197 litros. * Fr\u00edo h\u00famedo tropicalizado. * Gas ecol\u00f3gico R134a. * Compresor Embraco. * Funci\u00f3n Super Fr\u00edo. * Fabricado en Brasil. * Interior de pl\u00e1stico. * Llaves y cerradura. * Ruedas dobles. MEDIDAS DEL PRODUCTO * Ancho 75 cm. * Alto 95 cm. * Profundidad 72 cm. Im\u00e1genes meramente ilustrativas. Im\u00e1genes e informaci\u00f3n sujetas a cambios sin previo aviso. Detalles t\u00e9cnicos: \u2022 CAPACIDAD: 197 Litros \u2022 ANCHO: 27,5 CM \u2022 ALTO: 96 CM \u2022 LARGO: 78 CM \u2022 PESO: 45000 GR<\/p>\n","protected":false},"excerpt":{"rendered":"<p>* Doble funci\u00f3n refrigera y congela. * Capacidad neta 197 litros. * Fr\u00edo h\u00famedo tropicalizado. * Gas ecol\u00f3gico R134a. * Compresor Embraco. * Funci\u00f3n Super Fr\u00edo. * Fabricado en Brasil. * Interior de pl\u00e1stico. * Llaves y cerradura. * Ruedas dobles. MEDIDAS DEL PRODUCTO * Ancho 75 cm. * Alto 95 cm. * Profundidad 72 cm. Im\u00e1genes meramente ilustrativas. Im\u00e1genes e informaci\u00f3n sujetas a cambios sin previo aviso.<\/p>\n","protected":false},"featured_media":4971,"comment_status":"open","ping_status":"closed","template":"","meta":{"_et_pb_use_builder":"","_et_pb_old_content":"","_et_gb_content_width":""},"product_brand":[],"product_cat":[43],"product_tag":[],"class_list":{"0":"post-815","1":"product","2":"type-product","3":"status-publish","4":"has-post-thumbnail","6":"product_cat-refrigeracion","8":"first","9":"instock","10":"shipping-taxable","11":"purchasable","12":"product-type-simple"},"_links":{"self":[{"href":"https:\/\/rubi.com.py\/index.php\/wp-json\/wp\/v2\/product\/815","targetHints":{"allow":["GET"]}}],"collection":[{"href":"https:\/\/rubi.com.py\/index.php\/wp-json\/wp\/v2\/product"}],"about":[{"href":"https:\/\/rubi.com.py\/index.php\/wp-json\/wp\/v2\/types\/product"}],"replies":[{"embeddable":true,"href":"https:\/\/rubi.com.py\/index.php\/wp-json\/wp\/v2\/comments?post=815"}],"wp:featuredmedia":[{"embeddable":true,"href":"https:\/\/rubi.com.py\/index.php\/wp-json\/wp\/v2\/media\/4971"}],"wp:attachment":[{"href":"https:\/\/rubi.com.py\/index.php\/wp-json\/wp\/v2\/media?parent=815"}],"wp:term":[{"taxonomy":"product_brand","embeddable":true,"href":"https:\/\/rubi.com.py\/index.php\/wp-json\/wp\/v2\/product_brand?post=815"},{"taxonomy":"product_cat","embeddable":true,"href":"https:\/\/rubi.com.py\/index.php\/wp-json\/wp\/v2\/product_cat?post=815"},{"taxonomy":"product_tag","embeddable":true,"href":"https:\/\/rubi.com.py\/index.php\/wp-json\/wp\/v2\/product_tag?post=815"}],"curies":[{"name":"wp","href":"https:\/\/api.w.org\/{rel}","templated":true}]}}