{"id":819,"date":"2025-10-07T15:03:38","date_gmt":"2025-10-07T13:03:38","guid":{"rendered":"https:\/\/rubi.com.py\/index.php\/producto\/congelador-tokyo-mod-tcon120df-1t-cieg-100l-net\/"},"modified":"2026-04-22T15:15:21","modified_gmt":"2026-04-22T13:15:21","slug":"congelador-tokyo-mod-tcon120df-1t-cieg-100l-net","status":"publish","type":"product","link":"https:\/\/rubi.com.py\/index.php\/producto\/congelador-tokyo-mod-tcon120df-1t-cieg-100l-net\/","title":{"rendered":"CONGELADOR TOKYO MOD TCON120DF 1T\/CIEG\/ 100L NET"},"content":{"rendered":"<p>* Doble funci\u00f3n refrigera y congela. * Fr\u00edo h\u00famedo TROPICALIZADO. * Sin tapa de vidrio intermedio. * Interior recubierto de EPOXI. * Clasificaci\u00f3n energ\u00e9tica A. * Capacidad 99 litros. * Llave y cerradura. * R600a Gas Eco. * Con tapa ciega. * Luz interior. * Con ruedas. * Canasta. MEDIDAS DEL PRODUCTO. * Ancho 55 cm. * Alto 85 cm. * Profundidad 50 cm. Im\u00e1genes meramente ilustrativas. Im\u00e1genes e informaci\u00f3n sujetas a cambios sin previo aviso. Detalles t\u00e9cnicos: \u2022 ANCHO: 52 CM \u2022 ALTO: 87 CM \u2022 LARGO: 58 CM \u2022 PESO: 26500 GR<\/p>\n","protected":false},"excerpt":{"rendered":"<p>* Doble funci\u00f3n refrigera y congela. * Fr\u00edo h\u00famedo TROPICALIZADO. * Sin tapa de vidrio intermedio. * Interior recubierto de EPOXI. * Clasificaci\u00f3n energ\u00e9tica A. * Capacidad 99 litros. * Llave y cerradura. * R600a Gas Eco. * Con tapa ciega. * Luz interior. * Con ruedas. * Canasta. MEDIDAS DEL PRODUCTO. * Ancho 55 cm. * Alto 85 cm. * Profundidad 50 cm. Im\u00e1genes meramente ilustrativas. Im\u00e1genes e informaci\u00f3n sujetas a cambios sin previo aviso.<\/p>\n","protected":false},"featured_media":4970,"comment_status":"open","ping_status":"closed","template":"","meta":{"_et_pb_use_builder":"","_et_pb_old_content":"","_et_gb_content_width":""},"product_brand":[],"product_cat":[43],"product_tag":[],"class_list":{"0":"post-819","1":"product","2":"type-product","3":"status-publish","4":"has-post-thumbnail","6":"product_cat-refrigeracion","8":"first","9":"instock","10":"shipping-taxable","11":"purchasable","12":"product-type-simple"},"_links":{"self":[{"href":"https:\/\/rubi.com.py\/index.php\/wp-json\/wp\/v2\/product\/819","targetHints":{"allow":["GET"]}}],"collection":[{"href":"https:\/\/rubi.com.py\/index.php\/wp-json\/wp\/v2\/product"}],"about":[{"href":"https:\/\/rubi.com.py\/index.php\/wp-json\/wp\/v2\/types\/product"}],"replies":[{"embeddable":true,"href":"https:\/\/rubi.com.py\/index.php\/wp-json\/wp\/v2\/comments?post=819"}],"wp:featuredmedia":[{"embeddable":true,"href":"https:\/\/rubi.com.py\/index.php\/wp-json\/wp\/v2\/media\/4970"}],"wp:attachment":[{"href":"https:\/\/rubi.com.py\/index.php\/wp-json\/wp\/v2\/media?parent=819"}],"wp:term":[{"taxonomy":"product_brand","embeddable":true,"href":"https:\/\/rubi.com.py\/index.php\/wp-json\/wp\/v2\/product_brand?post=819"},{"taxonomy":"product_cat","embeddable":true,"href":"https:\/\/rubi.com.py\/index.php\/wp-json\/wp\/v2\/product_cat?post=819"},{"taxonomy":"product_tag","embeddable":true,"href":"https:\/\/rubi.com.py\/index.php\/wp-json\/wp\/v2\/product_tag?post=819"}],"curies":[{"name":"wp","href":"https:\/\/api.w.org\/{rel}","templated":true}]}}