{"id":822,"date":"2025-10-07T15:04:12","date_gmt":"2025-10-07T13:04:12","guid":{"rendered":"https:\/\/rubi.com.py\/index.php\/producto\/congelador-p-helados-tokyo-tconm130-vid-vidrio-recto-deslizante\/"},"modified":"2026-04-22T15:15:05","modified_gmt":"2026-04-22T13:15:05","slug":"congelador-p-helados-tokyo-tconm130-vid-vidrio-recto-deslizante","status":"publish","type":"product","link":"https:\/\/rubi.com.py\/index.php\/producto\/congelador-p-helados-tokyo-tconm130-vid-vidrio-recto-deslizante\/","title":{"rendered":"CONGELADOR P\/HELADOS TOKYO TCONM130 VID.VIDRIO RECTO DESLIZANTE"},"content":{"rendered":"<p>* Puerta de vidrio templado y de baja emisividad. * Cesta de almacenamiento extra\u00edble. * Capacidad Neto 99 litros. * Ruedas. Im\u00e1genes meramente ilustrativas. Im\u00e1genes e informaci\u00f3n sujetas a cambios sin previo aviso. Detalles t\u00e9cnicos: \u2022 ANCHO: 65 CM \u2022 ALTO: 85,5 CM \u2022 LARGO: 75 CM \u2022 PESO: 34400 GR<\/p>\n","protected":false},"excerpt":{"rendered":"<p>* Puerta de vidrio templado y de baja emisividad. * Cesta de almacenamiento extra\u00edble. * Capacidad Neto 99 litros. * Ruedas. Im\u00e1genes meramente ilustrativas. Im\u00e1genes e informaci\u00f3n sujetas a cambios sin previo aviso.<\/p>\n","protected":false},"featured_media":4969,"comment_status":"open","ping_status":"closed","template":"","meta":{"_et_pb_use_builder":"","_et_pb_old_content":"","_et_gb_content_width":""},"product_brand":[],"product_cat":[43],"product_tag":[],"class_list":{"0":"post-822","1":"product","2":"type-product","3":"status-publish","4":"has-post-thumbnail","6":"product_cat-refrigeracion","8":"first","9":"instock","10":"shipping-taxable","11":"purchasable","12":"product-type-simple"},"_links":{"self":[{"href":"https:\/\/rubi.com.py\/index.php\/wp-json\/wp\/v2\/product\/822","targetHints":{"allow":["GET"]}}],"collection":[{"href":"https:\/\/rubi.com.py\/index.php\/wp-json\/wp\/v2\/product"}],"about":[{"href":"https:\/\/rubi.com.py\/index.php\/wp-json\/wp\/v2\/types\/product"}],"replies":[{"embeddable":true,"href":"https:\/\/rubi.com.py\/index.php\/wp-json\/wp\/v2\/comments?post=822"}],"wp:featuredmedia":[{"embeddable":true,"href":"https:\/\/rubi.com.py\/index.php\/wp-json\/wp\/v2\/media\/4969"}],"wp:attachment":[{"href":"https:\/\/rubi.com.py\/index.php\/wp-json\/wp\/v2\/media?parent=822"}],"wp:term":[{"taxonomy":"product_brand","embeddable":true,"href":"https:\/\/rubi.com.py\/index.php\/wp-json\/wp\/v2\/product_brand?post=822"},{"taxonomy":"product_cat","embeddable":true,"href":"https:\/\/rubi.com.py\/index.php\/wp-json\/wp\/v2\/product_cat?post=822"},{"taxonomy":"product_tag","embeddable":true,"href":"https:\/\/rubi.com.py\/index.php\/wp-json\/wp\/v2\/product_tag?post=822"}],"curies":[{"name":"wp","href":"https:\/\/api.w.org\/{rel}","templated":true}]}}