{"id":824,"date":"2025-10-07T15:04:39","date_gmt":"2025-10-07T13:04:39","guid":{"rendered":"https:\/\/rubi.com.py\/index.php\/producto\/congelador-p-helados-tokyo-tconh220r-132-net-vid-curvo-desliz\/"},"modified":"2026-04-22T15:14:50","modified_gmt":"2026-04-22T13:14:50","slug":"congelador-p-helados-tokyo-tconh220r-132-net-vid-curvo-desliz","status":"publish","type":"product","link":"https:\/\/rubi.com.py\/index.php\/producto\/congelador-p-helados-tokyo-tconh220r-132-net-vid-curvo-desliz\/","title":{"rendered":"CONGELADOR P\/HELADOS TOKYO TCONH220R 132 NET VID.CURVO DESLIZ."},"content":{"rendered":"<p>* Con 2 tapas corredizas de vidrio curvo. * Con perilla de regulaci\u00f3n. * Funcion refrigerador (heladera) y congelador. * Fr\u00edo H\u00famedo TROPICALIZADO. * R134a Gas Eco. * Interior de Epoxi * Canasta. * 7 Niveles de temperatura. * Llave y cerradura. * Ruedas. * Capacidad 132 lts. MEDIDAS. * Ancho 61 cm. * Alto 90 cm. * Profundidad 65 cm. Detalles t\u00e9cnicos: \u2022 ANCHO: 65 CM \u2022 ALTO: 85,5 CM \u2022 LARGO: 75 CM \u2022 PESO: 34400 GR<\/p>\n","protected":false},"excerpt":{"rendered":"<p>* Con 2 tapas corredizas de vidrio curvo. * Con perilla de regulaci\u00f3n. * Funcion refrigerador (heladera) y congelador. * Fr\u00edo H\u00famedo TROPICALIZADO. * R134a Gas Eco. * Interior de Epoxi * Canasta. * 7 Niveles de temperatura. * Llave y cerradura. * Ruedas. * Capacidad 132 lts. MEDIDAS. * Ancho 61 cm. * Alto 90 cm. * Profundidad 65 cm.<\/p>\n","protected":false},"featured_media":4968,"comment_status":"open","ping_status":"closed","template":"","meta":{"_et_pb_use_builder":"","_et_pb_old_content":"","_et_gb_content_width":""},"product_brand":[],"product_cat":[43],"product_tag":[],"class_list":{"0":"post-824","1":"product","2":"type-product","3":"status-publish","4":"has-post-thumbnail","6":"product_cat-refrigeracion","8":"first","9":"instock","10":"shipping-taxable","11":"purchasable","12":"product-type-simple"},"_links":{"self":[{"href":"https:\/\/rubi.com.py\/index.php\/wp-json\/wp\/v2\/product\/824","targetHints":{"allow":["GET"]}}],"collection":[{"href":"https:\/\/rubi.com.py\/index.php\/wp-json\/wp\/v2\/product"}],"about":[{"href":"https:\/\/rubi.com.py\/index.php\/wp-json\/wp\/v2\/types\/product"}],"replies":[{"embeddable":true,"href":"https:\/\/rubi.com.py\/index.php\/wp-json\/wp\/v2\/comments?post=824"}],"wp:featuredmedia":[{"embeddable":true,"href":"https:\/\/rubi.com.py\/index.php\/wp-json\/wp\/v2\/media\/4968"}],"wp:attachment":[{"href":"https:\/\/rubi.com.py\/index.php\/wp-json\/wp\/v2\/media?parent=824"}],"wp:term":[{"taxonomy":"product_brand","embeddable":true,"href":"https:\/\/rubi.com.py\/index.php\/wp-json\/wp\/v2\/product_brand?post=824"},{"taxonomy":"product_cat","embeddable":true,"href":"https:\/\/rubi.com.py\/index.php\/wp-json\/wp\/v2\/product_cat?post=824"},{"taxonomy":"product_tag","embeddable":true,"href":"https:\/\/rubi.com.py\/index.php\/wp-json\/wp\/v2\/product_tag?post=824"}],"curies":[{"name":"wp","href":"https:\/\/api.w.org\/{rel}","templated":true}]}}