{"id":832,"date":"2025-10-07T15:06:37","date_gmt":"2025-10-07T13:06:37","guid":{"rendered":"https:\/\/rubi.com.py\/index.php\/producto\/congelador-gafa-horizontal-eternity-m210b-1-tapa-blanco-205-lts\/"},"modified":"2026-04-22T15:24:02","modified_gmt":"2026-04-22T13:24:02","slug":"congelador-gafa-horizontal-eternity-m210b-1-tapa-blanco-205-lts","status":"publish","type":"product","link":"https:\/\/rubi.com.py\/index.php\/producto\/congelador-gafa-horizontal-eternity-m210b-1-tapa-blanco-205-lts\/","title":{"rendered":"CONGELADOR GAFA HORIZONTAL ETERNITY M210B 1 TAPA BLANCO 205 lts"},"content":{"rendered":"<p>* Triple funci\u00f3n Freezer, turbo, conservador y enfriador. * Modo Turbo Permite que el equipo conserve los alimentos entre -18\u00b0C y -23\u00b0C para un enfriamiento o congelamiento m\u00e1s veloz y eficaz. * Canastas removibles de pl\u00e1stico. * Clasificaci\u00f3n Energ\u00e9tica A. * Niveles de climatizaci\u00f3n T (Tropical). * Capacidad neta 202 Litros. MEDIDAS DEL PRODUCTO. * Ancho. 86,9 cm. * Alto. 89,8 cm. * Profundidad 66,4 cm. IMAGEN ILUSTRATIVA. Detalles t\u00e9cnicos: \u2022 CAPACIDAD: 202 Litros \u2022 TENSION ELECTRICA: 220-240 VOLTIOS \u2022 FRECUENCIA ELECTRICA: 50 HERTZ \u2022 ANCHO: 88 CM \u2022 ALTO: 93 CM \u2022 LARGO: 69 CM \u2022 PESO: 45000 GR<\/p>\n","protected":false},"excerpt":{"rendered":"<p>* Triple funci\u00f3n Freezer, turbo, conservador y enfriador. * Modo Turbo Permite que el equipo conserve los alimentos entre -18\u00b0C y -23\u00b0C para un enfriamiento o congelamiento m\u00e1s veloz y eficaz. * Canastas removibles de pl\u00e1stico. * Clasificaci\u00f3n Energ\u00e9tica A. * Niveles de climatizaci\u00f3n T (Tropical). * Capacidad neta 202 Litros. MEDIDAS DEL PRODUCTO. * Ancho. 86,9 cm. * Alto. 89,8 cm. * Profundidad 66,4 cm. IMAGEN ILUSTRATIVA.<\/p>\n","protected":false},"featured_media":4983,"comment_status":"open","ping_status":"closed","template":"","meta":{"_et_pb_use_builder":"","_et_pb_old_content":"","_et_gb_content_width":""},"product_brand":[],"product_cat":[43],"product_tag":[],"class_list":{"0":"post-832","1":"product","2":"type-product","3":"status-publish","4":"has-post-thumbnail","6":"product_cat-refrigeracion","8":"first","9":"instock","10":"shipping-taxable","11":"purchasable","12":"product-type-simple"},"_links":{"self":[{"href":"https:\/\/rubi.com.py\/index.php\/wp-json\/wp\/v2\/product\/832","targetHints":{"allow":["GET"]}}],"collection":[{"href":"https:\/\/rubi.com.py\/index.php\/wp-json\/wp\/v2\/product"}],"about":[{"href":"https:\/\/rubi.com.py\/index.php\/wp-json\/wp\/v2\/types\/product"}],"replies":[{"embeddable":true,"href":"https:\/\/rubi.com.py\/index.php\/wp-json\/wp\/v2\/comments?post=832"}],"wp:featuredmedia":[{"embeddable":true,"href":"https:\/\/rubi.com.py\/index.php\/wp-json\/wp\/v2\/media\/4983"}],"wp:attachment":[{"href":"https:\/\/rubi.com.py\/index.php\/wp-json\/wp\/v2\/media?parent=832"}],"wp:term":[{"taxonomy":"product_brand","embeddable":true,"href":"https:\/\/rubi.com.py\/index.php\/wp-json\/wp\/v2\/product_brand?post=832"},{"taxonomy":"product_cat","embeddable":true,"href":"https:\/\/rubi.com.py\/index.php\/wp-json\/wp\/v2\/product_cat?post=832"},{"taxonomy":"product_tag","embeddable":true,"href":"https:\/\/rubi.com.py\/index.php\/wp-json\/wp\/v2\/product_tag?post=832"}],"curies":[{"name":"wp","href":"https:\/\/api.w.org\/{rel}","templated":true}]}}