{"id":836,"date":"2025-10-07T15:10:42","date_gmt":"2025-10-07T13:10:42","guid":{"rendered":"https:\/\/rubi.com.py\/index.php\/producto\/heladera-whirlpool-french-door-wro85ak-inverter-592-554l-evox-frio-seco\/"},"modified":"2026-04-22T13:54:38","modified_gmt":"2026-04-22T11:54:38","slug":"heladera-whirlpool-french-door-wro85ak-inverter-592-554l-evox-frio-seco","status":"publish","type":"product","link":"https:\/\/rubi.com.py\/index.php\/producto\/heladera-whirlpool-french-door-wro85ak-inverter-592-554l-evox-frio-seco\/","title":{"rendered":"HELADERA WHIRLPOOL FRENCH DOOR WRO85AK INVERTER 592\/554L EVOX FRIO SECO"},"content":{"rendered":"<p>* Xpert Inverter Tecnolog\u00eda que brinda un mayor ahorro de energ\u00eda y mantiene las temperaturas estables ayudando a la preservaci\u00f3n de alimentos. * Sexto Sentido Tecnolog\u00eda que regula la temperatura autom\u00e1ticamente y beneficia la conservaci\u00f3n de los alimentos. * Display Touch Acced\u00e9 r\u00e1pido a las funciones Turbo Ice, Turbo Zone, Fiesta, Vacaciones y Compras. * Filtro de Aire Filtro de carb\u00f3n activado que neutraliza olores dentro de la heladera. * Turbo Zone Enfr\u00eda r\u00e1pidamente bebidas o postres y te avisa cuando est\u00e1n listos. * Side By Side Mayor espacio y comodidad. * Capacidad Bruta 592 litros. * Capacidad Neta 554 litros. * Ice Maker. * No Frost. MEDIDAS DEL PRODUCTO * Altura 186.4 cm. * Ancho 83,6 cm. * Profundidad 79,3 cm. Im\u00e1genes meramente ilustrativas. Im\u00e1genes e informaci\u00f3n sujetas a cambios sin previo aviso. Detalles t\u00e9cnicos: \u2022 ANCHO: 87,1 CM \u2022 ALTO: 181,8 CM \u2022 LARGO: 82,3 CM \u2022 PESO: 1 GR<\/p>\n","protected":false},"excerpt":{"rendered":"<p>* Xpert Inverter Tecnolog\u00eda que brinda un mayor ahorro de energ\u00eda y mantiene las temperaturas estables ayudando a la preservaci\u00f3n de alimentos. * Sexto Sentido Tecnolog\u00eda que regula la temperatura autom\u00e1ticamente y beneficia la conservaci\u00f3n de los alimentos. * Display Touch Acced\u00e9 r\u00e1pido a las funciones Turbo Ice, Turbo Zone, Fiesta, Vacaciones y Compras. * Filtro de Aire Filtro de carb\u00f3n activado que neutraliza olores dentro de la heladera. * Turbo Zone Enfr\u00eda r\u00e1pidamente bebidas o postres y te avisa cuando est\u00e1n listos. * Side By Side Mayor espacio y comodidad. * Capacidad Bruta 592 litros. * Capacidad Neta 554 litros. * Ice Maker. * No Frost. MEDIDAS DEL PRODUCTO * Altura 186.4 cm. * Ancho 83,6 cm. * Profundidad 79,3 cm. Im\u00e1genes meramente ilustrativas. Im\u00e1genes e informaci\u00f3n sujetas a cambios sin previo aviso.<\/p>\n","protected":false},"featured_media":4861,"comment_status":"open","ping_status":"closed","template":"","meta":{"_et_pb_use_builder":"","_et_pb_old_content":"","_et_gb_content_width":""},"product_brand":[],"product_cat":[43],"product_tag":[],"class_list":{"0":"post-836","1":"product","2":"type-product","3":"status-publish","4":"has-post-thumbnail","6":"product_cat-refrigeracion","8":"first","9":"instock","10":"shipping-taxable","11":"purchasable","12":"product-type-simple"},"_links":{"self":[{"href":"https:\/\/rubi.com.py\/index.php\/wp-json\/wp\/v2\/product\/836","targetHints":{"allow":["GET"]}}],"collection":[{"href":"https:\/\/rubi.com.py\/index.php\/wp-json\/wp\/v2\/product"}],"about":[{"href":"https:\/\/rubi.com.py\/index.php\/wp-json\/wp\/v2\/types\/product"}],"replies":[{"embeddable":true,"href":"https:\/\/rubi.com.py\/index.php\/wp-json\/wp\/v2\/comments?post=836"}],"wp:featuredmedia":[{"embeddable":true,"href":"https:\/\/rubi.com.py\/index.php\/wp-json\/wp\/v2\/media\/4861"}],"wp:attachment":[{"href":"https:\/\/rubi.com.py\/index.php\/wp-json\/wp\/v2\/media?parent=836"}],"wp:term":[{"taxonomy":"product_brand","embeddable":true,"href":"https:\/\/rubi.com.py\/index.php\/wp-json\/wp\/v2\/product_brand?post=836"},{"taxonomy":"product_cat","embeddable":true,"href":"https:\/\/rubi.com.py\/index.php\/wp-json\/wp\/v2\/product_cat?post=836"},{"taxonomy":"product_tag","embeddable":true,"href":"https:\/\/rubi.com.py\/index.php\/wp-json\/wp\/v2\/product_tag?post=836"}],"curies":[{"name":"wp","href":"https:\/\/api.w.org\/{rel}","templated":true}]}}