{"id":839,"date":"2025-10-07T15:11:23","date_gmt":"2025-10-07T13:11:23","guid":{"rendered":"https:\/\/rubi.com.py\/index.php\/producto\/heladera-whirlpool-combi-wre57bk-480-443l-evox-inverter-frio-seco-panel-touch\/"},"modified":"2026-04-22T14:14:50","modified_gmt":"2026-04-22T12:14:50","slug":"heladera-whirlpool-combi-wre57bk-480-443l-evox-inverter-frio-seco-panel-touch","status":"publish","type":"product","link":"https:\/\/rubi.com.py\/index.php\/producto\/heladera-whirlpool-combi-wre57bk-480-443l-evox-inverter-frio-seco-panel-touch\/","title":{"rendered":"HELADERA WHIRLPOOL COMBI WRE57BK 480\/443L EVOX INVERTER FRIO SECO PANEL TOUCH"},"content":{"rendered":"<p>* Modo ahorro de energ\u00eda Con tecnolog\u00eda de velocidad variable, ajuste el consumo de energ\u00eda seg\u00fan lo requiera. * Mejor Preservaci\u00f3n de Alimentos Enfr\u00eda m\u00e1s r\u00e1pido los alimentos y reduce las variaciones de temperaturas internas. * Resistencia y Durabilidad Menor desgaste, menor ruido y un mayor rango de tensi\u00f3n para funcionamiento. * Turbo Freezer Permite enfriar almentos y bebidas y te avisa cuando est\u00e1n listos para disfrutarlos. * Xpert Flow Mantiene una temperatura homog\u00e9nea en toda la heladera. * Modos Especiales Fiesta, Compras, Vacaciones. * Capacidad Bruta 480 lts. * Capacidad Neta 443 lts. * Eficiencia Energ\u00e9tica A. * Espacio Adaptable. * Expert Inverter. * Turbo Hielo. * No Frost. MEDIDAS DEL PRODUCTO. * Ancho 70,1 cm. * Alto 184 cm. * Profundidad 75 cm. Im\u00e1genes meramente ilustrativas. Im\u00e1genes e informaci\u00f3n sujetas a cambios sin previo aviso. Detalles t\u00e9cnicos: \u2022 ANCHO: 78 CM \u2022 ALTO: 187 CM \u2022 LARGO: 74 CM \u2022 PESO: 1 GR<\/p>\n","protected":false},"excerpt":{"rendered":"<p>* Modo ahorro de energ\u00eda Con tecnolog\u00eda de velocidad variable, ajuste el consumo de energ\u00eda seg\u00fan lo requiera. * Mejor Preservaci\u00f3n de Alimentos Enfr\u00eda m\u00e1s r\u00e1pido los alimentos y reduce las variaciones de temperaturas internas. * Resistencia y Durabilidad Menor desgaste, menor ruido y un mayor rango de tensi\u00f3n para funcionamiento. * Turbo Freezer Permite enfriar almentos y bebidas y te avisa cuando est\u00e1n listos para disfrutarlos. * Xpert Flow Mantiene una temperatura homog\u00e9nea en toda la heladera. * Modos Especiales Fiesta, Compras, Vacaciones. * Capacidad Bruta 480 lts. * Capacidad Neta 443 lts. * Eficiencia Energ\u00e9tica A. * Espacio Adaptable. * Expert Inverter. * Turbo Hielo. * No Frost. MEDIDAS DEL PRODUCTO. * Ancho 70,1 cm. * Alto 184 cm. * Profundidad 75 cm. Im\u00e1genes meramente ilustrativas. Im\u00e1genes e informaci\u00f3n sujetas a cambios sin previo aviso.<\/p>\n","protected":false},"featured_media":4886,"comment_status":"open","ping_status":"closed","template":"","meta":{"_et_pb_use_builder":"","_et_pb_old_content":"","_et_gb_content_width":""},"product_brand":[],"product_cat":[43],"product_tag":[],"class_list":{"0":"post-839","1":"product","2":"type-product","3":"status-publish","4":"has-post-thumbnail","6":"product_cat-refrigeracion","8":"first","9":"instock","10":"shipping-taxable","11":"purchasable","12":"product-type-simple"},"_links":{"self":[{"href":"https:\/\/rubi.com.py\/index.php\/wp-json\/wp\/v2\/product\/839","targetHints":{"allow":["GET"]}}],"collection":[{"href":"https:\/\/rubi.com.py\/index.php\/wp-json\/wp\/v2\/product"}],"about":[{"href":"https:\/\/rubi.com.py\/index.php\/wp-json\/wp\/v2\/types\/product"}],"replies":[{"embeddable":true,"href":"https:\/\/rubi.com.py\/index.php\/wp-json\/wp\/v2\/comments?post=839"}],"wp:featuredmedia":[{"embeddable":true,"href":"https:\/\/rubi.com.py\/index.php\/wp-json\/wp\/v2\/media\/4886"}],"wp:attachment":[{"href":"https:\/\/rubi.com.py\/index.php\/wp-json\/wp\/v2\/media?parent=839"}],"wp:term":[{"taxonomy":"product_brand","embeddable":true,"href":"https:\/\/rubi.com.py\/index.php\/wp-json\/wp\/v2\/product_brand?post=839"},{"taxonomy":"product_cat","embeddable":true,"href":"https:\/\/rubi.com.py\/index.php\/wp-json\/wp\/v2\/product_cat?post=839"},{"taxonomy":"product_tag","embeddable":true,"href":"https:\/\/rubi.com.py\/index.php\/wp-json\/wp\/v2\/product_tag?post=839"}],"curies":[{"name":"wp","href":"https:\/\/api.w.org\/{rel}","templated":true}]}}