{"id":841,"date":"2025-10-07T15:11:57","date_gmt":"2025-10-07T13:11:57","guid":{"rendered":"https:\/\/rubi.com.py\/index.php\/producto\/heladera-whirlpool-big-foot-wre85akdwx-586-573l-evox-frio-seco-panel-touch-ada\/"},"modified":"2026-04-22T14:14:33","modified_gmt":"2026-04-22T12:14:33","slug":"heladera-whirlpool-big-foot-wre85akdwx-586-573l-evox-frio-seco-panel-touch-ada","status":"publish","type":"product","link":"https:\/\/rubi.com.py\/index.php\/producto\/heladera-whirlpool-big-foot-wre85akdwx-586-573l-evox-frio-seco-panel-touch-ada\/","title":{"rendered":"HELADERA WHIRLPOOL BIG FOOT WRE85AKDWX 586\/573L EVOX FRIO SECO PANEL TOUCH + ADA"},"content":{"rendered":"<p>* Tecnolog\u00eda Sexto Sentido Regula la temperatura autom\u00e1ticamente y beneficia la conservaci\u00f3n de los alimentos. * Panel Touch con modos especiales fiesta, vacaciones y compras. * Fresh Box Gran capacidad para tus frutas y verduras. * Turbo Zone enfr\u00eda r\u00e1pidamente bebidas o postres. * Capacidad bruta 625 litros. * Capacidad Neta 588 litros. * Eficiencia energ\u00e9tica A. * Hielo f\u00e1cil &#8211; Twist Ice. * Luz LED. MEDIDAS DEL PRODUCTO * Alto 187,9 cm. * Ancho 83,6 cm. * Profundidad 79,1 cm. Im\u00e1genes meramente ilustrativas. Im\u00e1genes e informaci\u00f3n sujetas a cambios sin previo aviso. Detalles t\u00e9cnicos: \u2022 ANCHO: 77 CM \u2022 ALTO: 190 CM \u2022 LARGO: 85 CM \u2022 PESO: GR<\/p>\n","protected":false},"excerpt":{"rendered":"<p>* Tecnolog\u00eda Sexto Sentido Regula la temperatura autom\u00e1ticamente y beneficia la conservaci\u00f3n de los alimentos. * Panel Touch con modos especiales fiesta, vacaciones y compras. * Fresh Box Gran capacidad para tus frutas y verduras. * Turbo Zone enfr\u00eda r\u00e1pidamente bebidas o postres. * Capacidad bruta 625 litros. * Capacidad Neta 588 litros. * Eficiencia energ\u00e9tica A. * Hielo f\u00e1cil &#8211; Twist Ice. * Luz LED. MEDIDAS DEL PRODUCTO * Alto 187,9 cm. * Ancho 83,6 cm. * Profundidad 79,1 cm. Im\u00e1genes meramente ilustrativas. Im\u00e1genes e informaci\u00f3n sujetas a cambios sin previo aviso.<\/p>\n","protected":false},"featured_media":4885,"comment_status":"open","ping_status":"closed","template":"","meta":{"_et_pb_use_builder":"","_et_pb_old_content":"","_et_gb_content_width":""},"product_brand":[],"product_cat":[43],"product_tag":[],"class_list":{"0":"post-841","1":"product","2":"type-product","3":"status-publish","4":"has-post-thumbnail","6":"product_cat-refrigeracion","8":"first","9":"instock","10":"shipping-taxable","11":"purchasable","12":"product-type-simple"},"_links":{"self":[{"href":"https:\/\/rubi.com.py\/index.php\/wp-json\/wp\/v2\/product\/841","targetHints":{"allow":["GET"]}}],"collection":[{"href":"https:\/\/rubi.com.py\/index.php\/wp-json\/wp\/v2\/product"}],"about":[{"href":"https:\/\/rubi.com.py\/index.php\/wp-json\/wp\/v2\/types\/product"}],"replies":[{"embeddable":true,"href":"https:\/\/rubi.com.py\/index.php\/wp-json\/wp\/v2\/comments?post=841"}],"wp:featuredmedia":[{"embeddable":true,"href":"https:\/\/rubi.com.py\/index.php\/wp-json\/wp\/v2\/media\/4885"}],"wp:attachment":[{"href":"https:\/\/rubi.com.py\/index.php\/wp-json\/wp\/v2\/media?parent=841"}],"wp:term":[{"taxonomy":"product_brand","embeddable":true,"href":"https:\/\/rubi.com.py\/index.php\/wp-json\/wp\/v2\/product_brand?post=841"},{"taxonomy":"product_cat","embeddable":true,"href":"https:\/\/rubi.com.py\/index.php\/wp-json\/wp\/v2\/product_cat?post=841"},{"taxonomy":"product_tag","embeddable":true,"href":"https:\/\/rubi.com.py\/index.php\/wp-json\/wp\/v2\/product_tag?post=841"}],"curies":[{"name":"wp","href":"https:\/\/api.w.org\/{rel}","templated":true}]}}