{"id":843,"date":"2025-10-07T15:12:24","date_gmt":"2025-10-07T13:12:24","guid":{"rendered":"https:\/\/rubi.com.py\/index.php\/producto\/heladera-tokyo-mod-tokh9-76l-para-oficina-220v-50hz\/"},"modified":"2026-04-22T14:14:09","modified_gmt":"2026-04-22T12:14:09","slug":"heladera-tokyo-mod-tokh9-76l-para-oficina-220v-50hz","status":"publish","type":"product","link":"https:\/\/rubi.com.py\/index.php\/producto\/heladera-tokyo-mod-tokh9-76l-para-oficina-220v-50hz\/","title":{"rendered":"HELADERA TOKYO MOD TOKH9 76L PARA OFICINA 220V 50HZ"},"content":{"rendered":"<p>* Fr\u00edo h\u00famedo Semitropicalizado. * Estantes regulables de vidrio. * Capacidad 76 Litros. * 2 rejillas removibles. * Gas Eco R600a. MEDIDAS DEL PRODUCTO * Ancho 48 cm. * Altura 71 cm. * Profundidad 45 cm. Im\u00e1genes meramente ilustrativas. Im\u00e1genes e informaci\u00f3n sujetas a cambios sin previo aviso. Detalles t\u00e9cnicos: \u2022 CAPACIDAD: 76 Litros \u2022 COLOR: BLANCO COLOR \u2022 TAPAS: 1 Unidades \u2022 TENSION ELECTRICA: 220 VOLTIOS \u2022 FRECUENCIA ELECTRICA: 50 HERTZ \u2022 POTENCIA: 75 Watts \u2022 ANCHO: 47 CM \u2022 ALTO: 71,5 CM \u2022 LARGO: 48,5 CM \u2022 PESO: 19000 GR<\/p>\n","protected":false},"excerpt":{"rendered":"<p>* Fr\u00edo h\u00famedo Semitropicalizado. * Estantes regulables de vidrio. * Capacidad 76 Litros. * 2 rejillas removibles. * Gas Eco R600a. MEDIDAS DEL PRODUCTO * Ancho 48 cm. * Altura 71 cm. * Profundidad 45 cm. Im\u00e1genes meramente ilustrativas. Im\u00e1genes e informaci\u00f3n sujetas a cambios sin previo aviso.<\/p>\n","protected":false},"featured_media":4884,"comment_status":"open","ping_status":"closed","template":"","meta":{"_et_pb_use_builder":"","_et_pb_old_content":"","_et_gb_content_width":""},"product_brand":[],"product_cat":[43],"product_tag":[],"class_list":{"0":"post-843","1":"product","2":"type-product","3":"status-publish","4":"has-post-thumbnail","6":"product_cat-refrigeracion","8":"first","9":"instock","10":"shipping-taxable","11":"purchasable","12":"product-type-simple"},"_links":{"self":[{"href":"https:\/\/rubi.com.py\/index.php\/wp-json\/wp\/v2\/product\/843","targetHints":{"allow":["GET"]}}],"collection":[{"href":"https:\/\/rubi.com.py\/index.php\/wp-json\/wp\/v2\/product"}],"about":[{"href":"https:\/\/rubi.com.py\/index.php\/wp-json\/wp\/v2\/types\/product"}],"replies":[{"embeddable":true,"href":"https:\/\/rubi.com.py\/index.php\/wp-json\/wp\/v2\/comments?post=843"}],"wp:featuredmedia":[{"embeddable":true,"href":"https:\/\/rubi.com.py\/index.php\/wp-json\/wp\/v2\/media\/4884"}],"wp:attachment":[{"href":"https:\/\/rubi.com.py\/index.php\/wp-json\/wp\/v2\/media?parent=843"}],"wp:term":[{"taxonomy":"product_brand","embeddable":true,"href":"https:\/\/rubi.com.py\/index.php\/wp-json\/wp\/v2\/product_brand?post=843"},{"taxonomy":"product_cat","embeddable":true,"href":"https:\/\/rubi.com.py\/index.php\/wp-json\/wp\/v2\/product_cat?post=843"},{"taxonomy":"product_tag","embeddable":true,"href":"https:\/\/rubi.com.py\/index.php\/wp-json\/wp\/v2\/product_tag?post=843"}],"curies":[{"name":"wp","href":"https:\/\/api.w.org\/{rel}","templated":true}]}}