{"id":846,"date":"2025-10-07T15:13:33","date_gmt":"2025-10-07T13:13:33","guid":{"rendered":"https:\/\/rubi.com.py\/index.php\/producto\/heladera-tokyo-mod-magna-300-frio-humedo-2puertas-blanca\/"},"modified":"2026-04-22T14:12:48","modified_gmt":"2026-04-22T12:12:48","slug":"heladera-tokyo-mod-magna-300-frio-humedo-2puertas-blanca","status":"publish","type":"product","link":"https:\/\/rubi.com.py\/index.php\/producto\/heladera-tokyo-mod-magna-300-frio-humedo-2puertas-blanca\/","title":{"rendered":"HELADERA TOKYO MOD MAGNA 300 FR\u00cdO HUMEDO 2PUERTAS BLANCA"},"content":{"rendered":"<p>* Est\u00e1ntes regulables de vidrio templado. * Capacidad comercial 300 litros. * Caj\u00f3n para frutas y verduras. * Capacidad neta 205 litros. * Fr\u00edo humedo tropicalizado. * Congelador con divisoria. * Categor\u00eda energ\u00e9tica A+. * Gas ecol\u00f3gio R600A. * Luz interna tipo led. MEDIDAS DEL PRODUCTO. * Ancho 55cm. * Alto 143 cm. * Profundidad 58 cm. Im\u00e1genes meramente ilustrativas. Im\u00e1genes e informaci\u00f3n sujetas a cambios sin previo aviso. Detalles t\u00e9cnicos: \u2022 ANCHO: 60 CM \u2022 ALTO: 145 CM \u2022 LARGO: 57 CM \u2022 PESO: 50000 GR<\/p>\n","protected":false},"excerpt":{"rendered":"<p>* Est\u00e1ntes regulables de vidrio templado. * Capacidad comercial 300 litros. * Caj\u00f3n para frutas y verduras. * Capacidad neta 205 litros. * Fr\u00edo humedo tropicalizado. * Congelador con divisoria. * Categor\u00eda energ\u00e9tica A+. * Gas ecol\u00f3gio R600A. * Luz interna tipo led. MEDIDAS DEL PRODUCTO. * Ancho 55cm. * Alto 143 cm. * Profundidad 58 cm. Im\u00e1genes meramente ilustrativas. Im\u00e1genes e informaci\u00f3n sujetas a cambios sin previo aviso.<\/p>\n","protected":false},"featured_media":4883,"comment_status":"open","ping_status":"closed","template":"","meta":{"_et_pb_use_builder":"","_et_pb_old_content":"","_et_gb_content_width":""},"product_brand":[],"product_cat":[43],"product_tag":[],"class_list":{"0":"post-846","1":"product","2":"type-product","3":"status-publish","4":"has-post-thumbnail","6":"product_cat-refrigeracion","8":"first","9":"instock","10":"shipping-taxable","11":"purchasable","12":"product-type-simple"},"_links":{"self":[{"href":"https:\/\/rubi.com.py\/index.php\/wp-json\/wp\/v2\/product\/846","targetHints":{"allow":["GET"]}}],"collection":[{"href":"https:\/\/rubi.com.py\/index.php\/wp-json\/wp\/v2\/product"}],"about":[{"href":"https:\/\/rubi.com.py\/index.php\/wp-json\/wp\/v2\/types\/product"}],"replies":[{"embeddable":true,"href":"https:\/\/rubi.com.py\/index.php\/wp-json\/wp\/v2\/comments?post=846"}],"wp:featuredmedia":[{"embeddable":true,"href":"https:\/\/rubi.com.py\/index.php\/wp-json\/wp\/v2\/media\/4883"}],"wp:attachment":[{"href":"https:\/\/rubi.com.py\/index.php\/wp-json\/wp\/v2\/media?parent=846"}],"wp:term":[{"taxonomy":"product_brand","embeddable":true,"href":"https:\/\/rubi.com.py\/index.php\/wp-json\/wp\/v2\/product_brand?post=846"},{"taxonomy":"product_cat","embeddable":true,"href":"https:\/\/rubi.com.py\/index.php\/wp-json\/wp\/v2\/product_cat?post=846"},{"taxonomy":"product_tag","embeddable":true,"href":"https:\/\/rubi.com.py\/index.php\/wp-json\/wp\/v2\/product_tag?post=846"}],"curies":[{"name":"wp","href":"https:\/\/api.w.org\/{rel}","templated":true}]}}