{"id":850,"date":"2025-10-07T15:14:12","date_gmt":"2025-10-07T13:14:12","guid":{"rendered":"https:\/\/rubi.com.py\/index.php\/producto\/heladera-tokyo-inox-tok430fsi-fs-2puertas\/"},"modified":"2026-04-22T14:07:22","modified_gmt":"2026-04-22T12:07:22","slug":"heladera-tokyo-inox-tok430fsi-fs-2puertas","status":"publish","type":"product","link":"https:\/\/rubi.com.py\/index.php\/producto\/heladera-tokyo-inox-tok430fsi-fs-2puertas\/","title":{"rendered":"HELADERA TOKYO INOX TOK430FSI FS 2PUERTAS"},"content":{"rendered":"<p>* Estantes regulables de vidrio templado. * Anaquetes multiuso en las puertas. * Con cerradura y filtro anti olores. * Caj\u00f3n para frutas y verduras. * Fr\u00edo seco TROPICALIZADO. * Clasificaci\u00f3n energ\u00e9tica A. * Capacidad neta 312 litros. * Congelador con divisoria. MEDIDAS DEL PRODUCTO * Ancho 60 cm. * Alto 165 cm. * Profundidad 73 cm. Im\u00e1genes meramente ilustrativas. Im\u00e1genes e informaci\u00f3n sujetas a cambios sin previo aviso. Detalles t\u00e9cnicos: \u2022 ANCHO: 65,5 CM \u2022 ALTO: 167 CM \u2022 LARGO: 73,5 CM \u2022 PESO: 62000 GR<\/p>\n","protected":false},"excerpt":{"rendered":"<p>* Estantes regulables de vidrio templado. * Anaquetes multiuso en las puertas. * Con cerradura y filtro anti olores. * Caj\u00f3n para frutas y verduras. * Fr\u00edo seco TROPICALIZADO. * Clasificaci\u00f3n energ\u00e9tica A. * Capacidad neta 312 litros. * Congelador con divisoria. MEDIDAS DEL PRODUCTO * Ancho 60 cm. * Alto 165 cm. * Profundidad 73 cm. Im\u00e1genes meramente ilustrativas. Im\u00e1genes e informaci\u00f3n sujetas a cambios sin previo aviso.<\/p>\n","protected":false},"featured_media":4881,"comment_status":"open","ping_status":"closed","template":"","meta":{"_et_pb_use_builder":"","_et_pb_old_content":"","_et_gb_content_width":""},"product_brand":[],"product_cat":[43],"product_tag":[],"class_list":{"0":"post-850","1":"product","2":"type-product","3":"status-publish","4":"has-post-thumbnail","6":"product_cat-refrigeracion","8":"first","9":"instock","10":"shipping-taxable","11":"purchasable","12":"product-type-simple"},"_links":{"self":[{"href":"https:\/\/rubi.com.py\/index.php\/wp-json\/wp\/v2\/product\/850","targetHints":{"allow":["GET"]}}],"collection":[{"href":"https:\/\/rubi.com.py\/index.php\/wp-json\/wp\/v2\/product"}],"about":[{"href":"https:\/\/rubi.com.py\/index.php\/wp-json\/wp\/v2\/types\/product"}],"replies":[{"embeddable":true,"href":"https:\/\/rubi.com.py\/index.php\/wp-json\/wp\/v2\/comments?post=850"}],"wp:featuredmedia":[{"embeddable":true,"href":"https:\/\/rubi.com.py\/index.php\/wp-json\/wp\/v2\/media\/4881"}],"wp:attachment":[{"href":"https:\/\/rubi.com.py\/index.php\/wp-json\/wp\/v2\/media?parent=850"}],"wp:term":[{"taxonomy":"product_brand","embeddable":true,"href":"https:\/\/rubi.com.py\/index.php\/wp-json\/wp\/v2\/product_brand?post=850"},{"taxonomy":"product_cat","embeddable":true,"href":"https:\/\/rubi.com.py\/index.php\/wp-json\/wp\/v2\/product_cat?post=850"},{"taxonomy":"product_tag","embeddable":true,"href":"https:\/\/rubi.com.py\/index.php\/wp-json\/wp\/v2\/product_tag?post=850"}],"curies":[{"name":"wp","href":"https:\/\/api.w.org\/{rel}","templated":true}]}}