{"id":854,"date":"2025-10-07T15:14:56","date_gmt":"2025-10-07T13:14:56","guid":{"rendered":"https:\/\/rubi.com.py\/index.php\/producto\/heladera-tokyo-frio-seco-de-2-puertas-color-blanco-de-236-litros\/"},"modified":"2026-04-22T14:04:09","modified_gmt":"2026-04-22T12:04:09","slug":"heladera-tokyo-frio-seco-de-2-puertas-color-blanco-de-236-litros","status":"publish","type":"product","link":"https:\/\/rubi.com.py\/index.php\/producto\/heladera-tokyo-frio-seco-de-2-puertas-color-blanco-de-236-litros\/","title":{"rendered":"HELADERA TOKYO FRIO SECO DE 2 PUERTAS COLOR BLANCO DE 236 LITROS"},"content":{"rendered":"<p>* Estantes regulables de vidrio. * Congelador con divisoria. * Fr\u00edo seco tropicalizado. * Capacidad 236 litros. * Luz interna tipo led. * Patas ajustables. Im\u00e1genes meramente ilustrativas. Im\u00e1genes e informaci\u00f3n sujetas a cambios sin previo aviso. Detalles t\u00e9cnicos: \u2022 ANCHO: 54,5 CM \u2022 ALTO: 61 CM \u2022 LARGO: 152,2 CM \u2022 PESO: 55000 GR<\/p>\n","protected":false},"excerpt":{"rendered":"<p>* Estantes regulables de vidrio. * Congelador con divisoria. * Fr\u00edo seco tropicalizado. * Capacidad 236 litros. * Luz interna tipo led. * Patas ajustables. Im\u00e1genes meramente ilustrativas. Im\u00e1genes e informaci\u00f3n sujetas a cambios sin previo aviso.<\/p>\n","protected":false},"featured_media":4877,"comment_status":"open","ping_status":"closed","template":"","meta":{"_et_pb_use_builder":"","_et_pb_old_content":"","_et_gb_content_width":""},"product_brand":[],"product_cat":[43],"product_tag":[],"class_list":{"0":"post-854","1":"product","2":"type-product","3":"status-publish","4":"has-post-thumbnail","6":"product_cat-refrigeracion","8":"first","9":"instock","10":"shipping-taxable","11":"purchasable","12":"product-type-simple"},"_links":{"self":[{"href":"https:\/\/rubi.com.py\/index.php\/wp-json\/wp\/v2\/product\/854","targetHints":{"allow":["GET"]}}],"collection":[{"href":"https:\/\/rubi.com.py\/index.php\/wp-json\/wp\/v2\/product"}],"about":[{"href":"https:\/\/rubi.com.py\/index.php\/wp-json\/wp\/v2\/types\/product"}],"replies":[{"embeddable":true,"href":"https:\/\/rubi.com.py\/index.php\/wp-json\/wp\/v2\/comments?post=854"}],"wp:featuredmedia":[{"embeddable":true,"href":"https:\/\/rubi.com.py\/index.php\/wp-json\/wp\/v2\/media\/4877"}],"wp:attachment":[{"href":"https:\/\/rubi.com.py\/index.php\/wp-json\/wp\/v2\/media?parent=854"}],"wp:term":[{"taxonomy":"product_brand","embeddable":true,"href":"https:\/\/rubi.com.py\/index.php\/wp-json\/wp\/v2\/product_brand?post=854"},{"taxonomy":"product_cat","embeddable":true,"href":"https:\/\/rubi.com.py\/index.php\/wp-json\/wp\/v2\/product_cat?post=854"},{"taxonomy":"product_tag","embeddable":true,"href":"https:\/\/rubi.com.py\/index.php\/wp-json\/wp\/v2\/product_tag?post=854"}],"curies":[{"name":"wp","href":"https:\/\/api.w.org\/{rel}","templated":true}]}}