{"id":858,"date":"2025-10-07T15:15:42","date_gmt":"2025-10-07T13:15:42","guid":{"rendered":"https:\/\/rubi.com.py\/index.php\/producto\/heladera-side-by-side-tokyo-inox-inverter-no-frost\/"},"modified":"2026-04-22T14:28:47","modified_gmt":"2026-04-22T12:28:47","slug":"heladera-side-by-side-tokyo-inox-inverter-no-frost","status":"publish","type":"product","link":"https:\/\/rubi.com.py\/index.php\/producto\/heladera-side-by-side-tokyo-inox-inverter-no-frost\/","title":{"rendered":"HELADERA SIDE BY SIDE TOKYO INOX INVERTER  NO FROST"},"content":{"rendered":"<p>* Clase Clim\u00e1tica T, dise\u00f1ado para el calor de Paraguay. * Compresor Inverter Bajo consumo de energ\u00eda. * Cuenta con Funci\u00f3n Vacaciones. * No Frost, no genera escarcha. * Clasificaci\u00f3n Energ\u00e9tica A. * Capacidad neta 442 litros. * Bloqueo Infantil. * Funci\u00f3n Eco. * 2 puertas. MEDIDAS DEL PRODUCTO. * Ancho 91cm. * Alto 1.770m * Profundidad 59cm. Im\u00e1genes meramente ilustrativas. Im\u00e1genes e informaci\u00f3n sujetas a cambios sin previo aviso. Detalles t\u00e9cnicos: \u2022 ANCHO: 91 CM \u2022 ALTO: 59 CM \u2022 LARGO: 177 CM \u2022 PESO: 96000 GR<\/p>\n","protected":false},"excerpt":{"rendered":"<p>* Clase Clim\u00e1tica T, dise\u00f1ado para el calor de Paraguay. * Compresor Inverter Bajo consumo de energ\u00eda. * Cuenta con Funci\u00f3n Vacaciones. * No Frost, no genera escarcha. * Clasificaci\u00f3n Energ\u00e9tica A. * Capacidad neta 442 litros. * Bloqueo Infantil. * Funci\u00f3n Eco. * 2 puertas. MEDIDAS DEL PRODUCTO. * Ancho 91cm. * Alto 1.770m * Profundidad 59cm. Im\u00e1genes meramente ilustrativas. Im\u00e1genes e informaci\u00f3n sujetas a cambios sin previo aviso.<\/p>\n","protected":false},"featured_media":4901,"comment_status":"open","ping_status":"closed","template":"","meta":{"_et_pb_use_builder":"","_et_pb_old_content":"","_et_gb_content_width":""},"product_brand":[],"product_cat":[43],"product_tag":[],"class_list":{"0":"post-858","1":"product","2":"type-product","3":"status-publish","4":"has-post-thumbnail","6":"product_cat-refrigeracion","8":"first","9":"instock","10":"shipping-taxable","11":"purchasable","12":"product-type-simple"},"_links":{"self":[{"href":"https:\/\/rubi.com.py\/index.php\/wp-json\/wp\/v2\/product\/858","targetHints":{"allow":["GET"]}}],"collection":[{"href":"https:\/\/rubi.com.py\/index.php\/wp-json\/wp\/v2\/product"}],"about":[{"href":"https:\/\/rubi.com.py\/index.php\/wp-json\/wp\/v2\/types\/product"}],"replies":[{"embeddable":true,"href":"https:\/\/rubi.com.py\/index.php\/wp-json\/wp\/v2\/comments?post=858"}],"wp:featuredmedia":[{"embeddable":true,"href":"https:\/\/rubi.com.py\/index.php\/wp-json\/wp\/v2\/media\/4901"}],"wp:attachment":[{"href":"https:\/\/rubi.com.py\/index.php\/wp-json\/wp\/v2\/media?parent=858"}],"wp:term":[{"taxonomy":"product_brand","embeddable":true,"href":"https:\/\/rubi.com.py\/index.php\/wp-json\/wp\/v2\/product_brand?post=858"},{"taxonomy":"product_cat","embeddable":true,"href":"https:\/\/rubi.com.py\/index.php\/wp-json\/wp\/v2\/product_cat?post=858"},{"taxonomy":"product_tag","embeddable":true,"href":"https:\/\/rubi.com.py\/index.php\/wp-json\/wp\/v2\/product_tag?post=858"}],"curies":[{"name":"wp","href":"https:\/\/api.w.org\/{rel}","templated":true}]}}