{"id":860,"date":"2025-10-07T15:16:38","date_gmt":"2025-10-07T13:16:38","guid":{"rendered":"https:\/\/rubi.com.py\/index.php\/producto\/grillera-george-foreman-gr2080-5-porciones-adaptador\/"},"modified":"2026-04-22T14:28:23","modified_gmt":"2026-04-22T12:28:23","slug":"grillera-george-foreman-gr2080-5-porciones-adaptador","status":"publish","type":"product","link":"https:\/\/rubi.com.py\/index.php\/producto\/grillera-george-foreman-gr2080-5-porciones-adaptador\/","title":{"rendered":"GRILLERA GEORGE FOREMAN GR2080 5 PORCIONES + ADAPTADOR"},"content":{"rendered":"<p>* Enrollador de cable y almacenamiento vertical para almacenar en cualquier lugar. * Incline para eliminar la grasa, util\u00edce horizontal para paninis y otros alimentos. * Altura ajustable para cortes gruesos de carne o s\u00e1ndwiches. * Bandeja recolectora de grasa apta para maquina lavaplatos. * Dise\u00f1ada para evitar derrames y f\u00e1cil de limpiar. * Revestimiento antiadherente George Tough. * Dos luces indicadoras de encendido y lista. * Exclusivo dise\u00f1o de extracci\u00f3n de grasa. * Potencia 1370W Im\u00e1genes meramente ilustrativas. Im\u00e1genes e informaci\u00f3n sujetas a cambios sin previo aviso. Detalles t\u00e9cnicos: \u2022 TENSION ELECTRICA: 220 VOLTIOS \u2022 FRECUENCIA ELECTRICA: 50 HERTZ \u2022 POTENCIA: 1370 Watts \u2022 ANCHO: 12,5 CM \u2022 ALTO: 33,5 CM \u2022 LARGO: 33,5 CM \u2022 PESO: 2358 GR<\/p>\n","protected":false},"excerpt":{"rendered":"<p>* Enrollador de cable y almacenamiento vertical para almacenar en cualquier lugar. * Incline para eliminar la grasa, util\u00edce horizontal para paninis y otros alimentos. * Altura ajustable para cortes gruesos de carne o s\u00e1ndwiches. * Bandeja recolectora de grasa apta para maquina lavaplatos. * Dise\u00f1ada para evitar derrames y f\u00e1cil de limpiar. * Revestimiento antiadherente George Tough. * Dos luces indicadoras de encendido y lista. * Exclusivo dise\u00f1o de extracci\u00f3n de grasa. * Potencia 1370W Im\u00e1genes meramente ilustrativas. Im\u00e1genes e informaci\u00f3n sujetas a cambios sin previo aviso.<\/p>\n","protected":false},"featured_media":4900,"comment_status":"open","ping_status":"closed","template":"","meta":{"_et_pb_use_builder":"","_et_pb_old_content":"","_et_gb_content_width":""},"product_brand":[],"product_cat":[33],"product_tag":[],"class_list":{"0":"post-860","1":"product","2":"type-product","3":"status-publish","4":"has-post-thumbnail","6":"product_cat-cocina-y-comedor","8":"first","9":"instock","10":"shipping-taxable","11":"purchasable","12":"product-type-simple"},"_links":{"self":[{"href":"https:\/\/rubi.com.py\/index.php\/wp-json\/wp\/v2\/product\/860","targetHints":{"allow":["GET"]}}],"collection":[{"href":"https:\/\/rubi.com.py\/index.php\/wp-json\/wp\/v2\/product"}],"about":[{"href":"https:\/\/rubi.com.py\/index.php\/wp-json\/wp\/v2\/types\/product"}],"replies":[{"embeddable":true,"href":"https:\/\/rubi.com.py\/index.php\/wp-json\/wp\/v2\/comments?post=860"}],"wp:featuredmedia":[{"embeddable":true,"href":"https:\/\/rubi.com.py\/index.php\/wp-json\/wp\/v2\/media\/4900"}],"wp:attachment":[{"href":"https:\/\/rubi.com.py\/index.php\/wp-json\/wp\/v2\/media?parent=860"}],"wp:term":[{"taxonomy":"product_brand","embeddable":true,"href":"https:\/\/rubi.com.py\/index.php\/wp-json\/wp\/v2\/product_brand?post=860"},{"taxonomy":"product_cat","embeddable":true,"href":"https:\/\/rubi.com.py\/index.php\/wp-json\/wp\/v2\/product_cat?post=860"},{"taxonomy":"product_tag","embeddable":true,"href":"https:\/\/rubi.com.py\/index.php\/wp-json\/wp\/v2\/product_tag?post=860"}],"curies":[{"name":"wp","href":"https:\/\/api.w.org\/{rel}","templated":true}]}}