{"id":869,"date":"2025-10-07T15:18:17","date_gmt":"2025-10-07T13:18:17","guid":{"rendered":"https:\/\/rubi.com.py\/index.php\/producto\/frigobar-whirlpool-wra12bkdwx-120l-evox-frio-humedo\/"},"modified":"2026-04-22T14:27:12","modified_gmt":"2026-04-22T12:27:12","slug":"frigobar-whirlpool-wra12bkdwx-120l-evox-frio-humedo","status":"publish","type":"product","link":"https:\/\/rubi.com.py\/index.php\/producto\/frigobar-whirlpool-wra12bkdwx-120l-evox-frio-humedo\/","title":{"rendered":"FRIGOBAR WHIRLPOOL WRA12BKDWX 120L EVOX FRIO HUMEDO"},"content":{"rendered":"<p>* Congelador interno Congela lo que necesites en el compartimiento interno de tu heladera compacta. * Rack de latas Organiza tus bebidas y ahorra espacio distribuye tus latas en los compartimientos. * Separador de botellas. Im\u00e1genes meramente ilustrativas. Im\u00e1genes e informaci\u00f3n sujetas a cambios sin previo aviso. Detalles t\u00e9cnicos: \u2022 ANCHO: 51 CM \u2022 ALTO: 86 CM \u2022 LARGO: 56 CM \u2022 PESO: 28000 GR<\/p>\n","protected":false},"excerpt":{"rendered":"<p>* Congelador interno Congela lo que necesites en el compartimiento interno de tu heladera compacta. * Rack de latas Organiza tus bebidas y ahorra espacio distribuye tus latas en los compartimientos. * Separador de botellas. Im\u00e1genes meramente ilustrativas. Im\u00e1genes e informaci\u00f3n sujetas a cambios sin previo aviso.<\/p>\n","protected":false},"featured_media":4896,"comment_status":"open","ping_status":"closed","template":"","meta":{"_et_pb_use_builder":"","_et_pb_old_content":"","_et_gb_content_width":""},"product_brand":[],"product_cat":[43],"product_tag":[],"class_list":{"0":"post-869","1":"product","2":"type-product","3":"status-publish","4":"has-post-thumbnail","6":"product_cat-refrigeracion","8":"first","9":"instock","10":"shipping-taxable","11":"purchasable","12":"product-type-simple"},"_links":{"self":[{"href":"https:\/\/rubi.com.py\/index.php\/wp-json\/wp\/v2\/product\/869","targetHints":{"allow":["GET"]}}],"collection":[{"href":"https:\/\/rubi.com.py\/index.php\/wp-json\/wp\/v2\/product"}],"about":[{"href":"https:\/\/rubi.com.py\/index.php\/wp-json\/wp\/v2\/types\/product"}],"replies":[{"embeddable":true,"href":"https:\/\/rubi.com.py\/index.php\/wp-json\/wp\/v2\/comments?post=869"}],"wp:featuredmedia":[{"embeddable":true,"href":"https:\/\/rubi.com.py\/index.php\/wp-json\/wp\/v2\/media\/4896"}],"wp:attachment":[{"href":"https:\/\/rubi.com.py\/index.php\/wp-json\/wp\/v2\/media?parent=869"}],"wp:term":[{"taxonomy":"product_brand","embeddable":true,"href":"https:\/\/rubi.com.py\/index.php\/wp-json\/wp\/v2\/product_brand?post=869"},{"taxonomy":"product_cat","embeddable":true,"href":"https:\/\/rubi.com.py\/index.php\/wp-json\/wp\/v2\/product_cat?post=869"},{"taxonomy":"product_tag","embeddable":true,"href":"https:\/\/rubi.com.py\/index.php\/wp-json\/wp\/v2\/product_tag?post=869"}],"curies":[{"name":"wp","href":"https:\/\/api.w.org\/{rel}","templated":true}]}}