{"id":871,"date":"2025-10-07T15:18:37","date_gmt":"2025-10-07T13:18:37","guid":{"rendered":"https:\/\/rubi.com.py\/index.php\/producto\/frigobar-whirlpool-vintage-wra08bvd-rojo-76l-frio-humedo-adaptador\/"},"modified":"2026-04-22T14:17:27","modified_gmt":"2026-04-22T12:17:27","slug":"frigobar-whirlpool-vintage-wra08bvd-rojo-76l-frio-humedo-adaptador","status":"publish","type":"product","link":"https:\/\/rubi.com.py\/index.php\/producto\/frigobar-whirlpool-vintage-wra08bvd-rojo-76l-frio-humedo-adaptador\/","title":{"rendered":"FRIGOBAR WHIRLPOOL VINTAGE WRA08BVD ROJO 76L FRIO HUMEDO + ADAPTADOR"},"content":{"rendered":"<p>* Congelador interno Congela lo que necesites en el compartimiento interno de tu heladera compacta. * Rack de Latas Organiza tus bebidas y ahorra espacio distribuye tus latas en los compartimientos. * Patas Removibles Puedes remover las patas para dejarla al ras del suelo y-o empotrarla. * Dise\u00f1o \u00fanico inspirado en los a\u00f1os 50. * Logo retro y detalles cromados. * Capacidad Bruta 81 Lts. * Capacidad Neta 76 Lts. Im\u00e1genes meramente ilustrativas. Im\u00e1genes e informaci\u00f3n sujetas a cambios sin previo aviso. Detalles t\u00e9cnicos: \u2022 ANCHO: 56 CM \u2022 ALTO: 65 CM \u2022 LARGO: 50 CM \u2022 PESO: 29000 GR<\/p>\n","protected":false},"excerpt":{"rendered":"<p>* Congelador interno Congela lo que necesites en el compartimiento interno de tu heladera compacta. * Rack de Latas Organiza tus bebidas y ahorra espacio distribuye tus latas en los compartimientos. * Patas Removibles Puedes remover las patas para dejarla al ras del suelo y-o empotrarla. * Dise\u00f1o \u00fanico inspirado en los a\u00f1os 50. * Logo retro y detalles cromados. * Capacidad Bruta 81 Lts. * Capacidad Neta 76 Lts. Im\u00e1genes meramente ilustrativas. Im\u00e1genes e informaci\u00f3n sujetas a cambios sin previo aviso.<\/p>\n","protected":false},"featured_media":4891,"comment_status":"open","ping_status":"closed","template":"","meta":{"_et_pb_use_builder":"","_et_pb_old_content":"","_et_gb_content_width":""},"product_brand":[],"product_cat":[43],"product_tag":[],"class_list":{"0":"post-871","1":"product","2":"type-product","3":"status-publish","4":"has-post-thumbnail","6":"product_cat-refrigeracion","8":"first","9":"instock","10":"shipping-taxable","11":"purchasable","12":"product-type-simple"},"_links":{"self":[{"href":"https:\/\/rubi.com.py\/index.php\/wp-json\/wp\/v2\/product\/871","targetHints":{"allow":["GET"]}}],"collection":[{"href":"https:\/\/rubi.com.py\/index.php\/wp-json\/wp\/v2\/product"}],"about":[{"href":"https:\/\/rubi.com.py\/index.php\/wp-json\/wp\/v2\/types\/product"}],"replies":[{"embeddable":true,"href":"https:\/\/rubi.com.py\/index.php\/wp-json\/wp\/v2\/comments?post=871"}],"wp:featuredmedia":[{"embeddable":true,"href":"https:\/\/rubi.com.py\/index.php\/wp-json\/wp\/v2\/media\/4891"}],"wp:attachment":[{"href":"https:\/\/rubi.com.py\/index.php\/wp-json\/wp\/v2\/media?parent=871"}],"wp:term":[{"taxonomy":"product_brand","embeddable":true,"href":"https:\/\/rubi.com.py\/index.php\/wp-json\/wp\/v2\/product_brand?post=871"},{"taxonomy":"product_cat","embeddable":true,"href":"https:\/\/rubi.com.py\/index.php\/wp-json\/wp\/v2\/product_cat?post=871"},{"taxonomy":"product_tag","embeddable":true,"href":"https:\/\/rubi.com.py\/index.php\/wp-json\/wp\/v2\/product_tag?post=871"}],"curies":[{"name":"wp","href":"https:\/\/api.w.org\/{rel}","templated":true}]}}