{"id":875,"date":"2025-10-07T15:19:12","date_gmt":"2025-10-07T13:19:12","guid":{"rendered":"https:\/\/rubi.com.py\/index.php\/producto\/freidora-moulinex-uno-mod-af215d10\/"},"modified":"2026-04-22T14:16:55","modified_gmt":"2026-04-22T12:16:55","slug":"freidora-moulinex-uno-mod-af215d10","status":"publish","type":"product","link":"https:\/\/rubi.com.py\/index.php\/producto\/freidora-moulinex-uno-mod-af215d10\/","title":{"rendered":"FREIDORA MOULINEX UNO MOD AF215D10"},"content":{"rendered":"<p>* Pr\u00e1ctica apertura autom\u00e1tica de la tapa ofrece una mayor comodidad. * El termostato regulable con selector de temperatura (150\u00ba a 190\u00ba). * Tama\u00f1o compacto y su asa plegable facilitan su almacenamiento. * Capacidad de 1kg (1,8L de aceite) para hasta 4 personas. * Posici\u00f3n de drenaje para menos de aceite antes de servir. * Ventana en la tapa para supervisar la cocci\u00f3n. * Potencia 1600 W. Im\u00e1genes meramente ilustrativas. Im\u00e1genes e informaci\u00f3n sujetas a cambios sin previo aviso. Detalles t\u00e9cnicos: \u2022 ANCHO: 30 CM \u2022 ALTO: 26 CM \u2022 LARGO: 34 CM \u2022 PESO: 1200 GR<\/p>\n","protected":false},"excerpt":{"rendered":"<p>* Pr\u00e1ctica apertura autom\u00e1tica de la tapa ofrece una mayor comodidad. * El termostato regulable con selector de temperatura (150\u00ba a 190\u00ba). * Tama\u00f1o compacto y su asa plegable facilitan su almacenamiento. * Capacidad de 1kg (1,8L de aceite) para hasta 4 personas. * Posici\u00f3n de drenaje para menos de aceite antes de servir. * Ventana en la tapa para supervisar la cocci\u00f3n. * Potencia 1600 W. Im\u00e1genes meramente ilustrativas. Im\u00e1genes e informaci\u00f3n sujetas a cambios sin previo aviso.<\/p>\n","protected":false},"featured_media":4888,"comment_status":"open","ping_status":"closed","template":"","meta":{"_et_pb_use_builder":"","_et_pb_old_content":"","_et_gb_content_width":""},"product_brand":[],"product_cat":[33],"product_tag":[],"class_list":{"0":"post-875","1":"product","2":"type-product","3":"status-publish","4":"has-post-thumbnail","6":"product_cat-cocina-y-comedor","8":"first","9":"instock","10":"shipping-taxable","11":"purchasable","12":"product-type-simple"},"_links":{"self":[{"href":"https:\/\/rubi.com.py\/index.php\/wp-json\/wp\/v2\/product\/875","targetHints":{"allow":["GET"]}}],"collection":[{"href":"https:\/\/rubi.com.py\/index.php\/wp-json\/wp\/v2\/product"}],"about":[{"href":"https:\/\/rubi.com.py\/index.php\/wp-json\/wp\/v2\/types\/product"}],"replies":[{"embeddable":true,"href":"https:\/\/rubi.com.py\/index.php\/wp-json\/wp\/v2\/comments?post=875"}],"wp:featuredmedia":[{"embeddable":true,"href":"https:\/\/rubi.com.py\/index.php\/wp-json\/wp\/v2\/media\/4888"}],"wp:attachment":[{"href":"https:\/\/rubi.com.py\/index.php\/wp-json\/wp\/v2\/media?parent=875"}],"wp:term":[{"taxonomy":"product_brand","embeddable":true,"href":"https:\/\/rubi.com.py\/index.php\/wp-json\/wp\/v2\/product_brand?post=875"},{"taxonomy":"product_cat","embeddable":true,"href":"https:\/\/rubi.com.py\/index.php\/wp-json\/wp\/v2\/product_cat?post=875"},{"taxonomy":"product_tag","embeddable":true,"href":"https:\/\/rubi.com.py\/index.php\/wp-json\/wp\/v2\/product_tag?post=875"}],"curies":[{"name":"wp","href":"https:\/\/api.w.org\/{rel}","templated":true}]}}