{"id":877,"date":"2025-10-07T15:19:32","date_gmt":"2025-10-07T13:19:32","guid":{"rendered":"https:\/\/rubi.com.py\/index.php\/producto\/freidora-moulinex-easy-pro-3l-mod-am338070\/"},"modified":"2026-04-22T14:35:48","modified_gmt":"2026-04-22T12:35:48","slug":"freidora-moulinex-easy-pro-3l-mod-am338070","status":"publish","type":"product","link":"https:\/\/rubi.com.py\/index.php\/producto\/freidora-moulinex-easy-pro-3l-mod-am338070\/","title":{"rendered":"FREIDORA MOULINEX EASY PRO 3L MOD. AM338070"},"content":{"rendered":"<p>* Ventana para el control de la fritura. * Cuerpo y cuba en acero inoxidable. * Resistencia sumergida m\u00e1s r\u00e1pida. * F\u00e1cil transporte y manipulaci\u00f3n. * Asas retr\u00e1ctiles y ergon\u00f3micas. * Capacidades 3 litros &#8211; 1,3kg. * Cuba extra\u00edble esmaltada. * 190 \u00baC Temperatura. M\u00e1x. * Termostato regulable. * Asas de toque fr\u00edo. * Potencia 2200W. Im\u00e1genes meramente ilustrativas. Im\u00e1genes e informaci\u00f3n sujetas a cambios sin previo aviso. Detalles t\u00e9cnicos: \u2022 ANCHO: 27,5 CM \u2022 ALTO: 32 CM \u2022 LARGO: 43,5 CM \u2022 PESO: 4450 GR<\/p>\n","protected":false},"excerpt":{"rendered":"<p>* Ventana para el control de la fritura. * Cuerpo y cuba en acero inoxidable. * Resistencia sumergida m\u00e1s r\u00e1pida. * F\u00e1cil transporte y manipulaci\u00f3n. * Asas retr\u00e1ctiles y ergon\u00f3micas. * Capacidades 3 litros &#8211; 1,3kg. * Cuba extra\u00edble esmaltada. * 190 \u00baC Temperatura. M\u00e1x. * Termostato regulable. * Asas de toque fr\u00edo. * Potencia 2200W. Im\u00e1genes meramente ilustrativas. Im\u00e1genes e informaci\u00f3n sujetas a cambios sin previo aviso.<\/p>\n","protected":false},"featured_media":4913,"comment_status":"open","ping_status":"closed","template":"","meta":{"_et_pb_use_builder":"","_et_pb_old_content":"","_et_gb_content_width":""},"product_brand":[],"product_cat":[33],"product_tag":[],"class_list":{"0":"post-877","1":"product","2":"type-product","3":"status-publish","4":"has-post-thumbnail","6":"product_cat-cocina-y-comedor","8":"first","9":"instock","10":"shipping-taxable","11":"purchasable","12":"product-type-simple"},"_links":{"self":[{"href":"https:\/\/rubi.com.py\/index.php\/wp-json\/wp\/v2\/product\/877","targetHints":{"allow":["GET"]}}],"collection":[{"href":"https:\/\/rubi.com.py\/index.php\/wp-json\/wp\/v2\/product"}],"about":[{"href":"https:\/\/rubi.com.py\/index.php\/wp-json\/wp\/v2\/types\/product"}],"replies":[{"embeddable":true,"href":"https:\/\/rubi.com.py\/index.php\/wp-json\/wp\/v2\/comments?post=877"}],"wp:featuredmedia":[{"embeddable":true,"href":"https:\/\/rubi.com.py\/index.php\/wp-json\/wp\/v2\/media\/4913"}],"wp:attachment":[{"href":"https:\/\/rubi.com.py\/index.php\/wp-json\/wp\/v2\/media?parent=877"}],"wp:term":[{"taxonomy":"product_brand","embeddable":true,"href":"https:\/\/rubi.com.py\/index.php\/wp-json\/wp\/v2\/product_brand?post=877"},{"taxonomy":"product_cat","embeddable":true,"href":"https:\/\/rubi.com.py\/index.php\/wp-json\/wp\/v2\/product_cat?post=877"},{"taxonomy":"product_tag","embeddable":true,"href":"https:\/\/rubi.com.py\/index.php\/wp-json\/wp\/v2\/product_tag?post=877"}],"curies":[{"name":"wp","href":"https:\/\/api.w.org\/{rel}","templated":true}]}}