{"id":881,"date":"2025-10-07T15:20:33","date_gmt":"2025-10-07T13:20:33","guid":{"rendered":"https:\/\/rubi.com.py\/index.php\/producto\/freidora-easy-fry-grill-dig-xxl-ez801-moulinex-6-5l-1830w-220v-50hz\/"},"modified":"2026-04-22T14:35:16","modified_gmt":"2026-04-22T12:35:16","slug":"freidora-easy-fry-grill-dig-xxl-ez801-moulinex-6-5l-1830w-220v-50hz","status":"publish","type":"product","link":"https:\/\/rubi.com.py\/index.php\/producto\/freidora-easy-fry-grill-dig-xxl-ez801-moulinex-6-5l-1830w-220v-50hz\/","title":{"rendered":"FREIDORA EASY FRY &amp; GRILL DIG. XXL EZ801 MOULINEX 6.5L 1830W 220V\/50HZ"},"content":{"rendered":"<p>* 8 Programas Papas fritas, nuggets, pollo asado, pizza, carne, pescado, verduras, postre y modo manual. * Personalice su espacio para cocinar y ahorre tiempo con el divisor Flexcook f\u00e1cilmente removible. * Tecnolog\u00eda Extra Crisp ofrece el equilibrio perfecto entre temperatura y flujo de aire caliente. * Una parrilla de rejilla de aluminio fundido a presi\u00f3n, con revestimiento antiadherente. * Temperatura ajustable y precisa 40\u00b0C hasta 220\u00b0C. * Capacidad XXL de 6,5 L (hasta 8 personas). * Modo de sincronizaci\u00f3n inteligente. * Potencia 1.830 W. * Timer de 8 hrs. Im\u00e1genes meramente ilustrativas. Im\u00e1genes e informaci\u00f3n sujetas a cambios sin previo aviso. Detalles t\u00e9cnicos: \u2022 ANCHO: 48 CM \u2022 ALTO: 35 CM \u2022 LARGO: 41,1 CM \u2022 PESO: 8850 GR<\/p>\n","protected":false},"excerpt":{"rendered":"<p>* 8 Programas Papas fritas, nuggets, pollo asado, pizza, carne, pescado, verduras, postre y modo manual. * Personalice su espacio para cocinar y ahorre tiempo con el divisor Flexcook f\u00e1cilmente removible. * Tecnolog\u00eda Extra Crisp ofrece el equilibrio perfecto entre temperatura y flujo de aire caliente. * Una parrilla de rejilla de aluminio fundido a presi\u00f3n, con revestimiento antiadherente. * Temperatura ajustable y precisa 40\u00b0C hasta 220\u00b0C. * Capacidad XXL de 6,5 L (hasta 8 personas). * Modo de sincronizaci\u00f3n inteligente. * Potencia 1.830 W. * Timer de 8 hrs. Im\u00e1genes meramente ilustrativas. Im\u00e1genes e informaci\u00f3n sujetas a cambios sin previo aviso.<\/p>\n","protected":false},"featured_media":4911,"comment_status":"open","ping_status":"closed","template":"","meta":{"_et_pb_use_builder":"","_et_pb_old_content":"","_et_gb_content_width":""},"product_brand":[],"product_cat":[33],"product_tag":[],"class_list":{"0":"post-881","1":"product","2":"type-product","3":"status-publish","4":"has-post-thumbnail","6":"product_cat-cocina-y-comedor","8":"first","9":"instock","10":"shipping-taxable","11":"purchasable","12":"product-type-simple"},"_links":{"self":[{"href":"https:\/\/rubi.com.py\/index.php\/wp-json\/wp\/v2\/product\/881","targetHints":{"allow":["GET"]}}],"collection":[{"href":"https:\/\/rubi.com.py\/index.php\/wp-json\/wp\/v2\/product"}],"about":[{"href":"https:\/\/rubi.com.py\/index.php\/wp-json\/wp\/v2\/types\/product"}],"replies":[{"embeddable":true,"href":"https:\/\/rubi.com.py\/index.php\/wp-json\/wp\/v2\/comments?post=881"}],"wp:featuredmedia":[{"embeddable":true,"href":"https:\/\/rubi.com.py\/index.php\/wp-json\/wp\/v2\/media\/4911"}],"wp:attachment":[{"href":"https:\/\/rubi.com.py\/index.php\/wp-json\/wp\/v2\/media?parent=881"}],"wp:term":[{"taxonomy":"product_brand","embeddable":true,"href":"https:\/\/rubi.com.py\/index.php\/wp-json\/wp\/v2\/product_brand?post=881"},{"taxonomy":"product_cat","embeddable":true,"href":"https:\/\/rubi.com.py\/index.php\/wp-json\/wp\/v2\/product_cat?post=881"},{"taxonomy":"product_tag","embeddable":true,"href":"https:\/\/rubi.com.py\/index.php\/wp-json\/wp\/v2\/product_tag?post=881"}],"curies":[{"name":"wp","href":"https:\/\/api.w.org\/{rel}","templated":true}]}}