{"id":889,"date":"2025-10-07T15:22:03","date_gmt":"2025-10-07T13:22:03","guid":{"rendered":"https:\/\/rubi.com.py\/index.php\/producto\/freidora-arno-air-fry-ezfp-3-2l-negro-220v-1200w\/"},"modified":"2026-04-22T14:32:54","modified_gmt":"2026-04-22T12:32:54","slug":"freidora-arno-air-fry-ezfp-3-2l-negro-220v-1200w","status":"publish","type":"product","link":"https:\/\/rubi.com.py\/index.php\/producto\/freidora-arno-air-fry-ezfp-3-2l-negro-220v-1200w\/","title":{"rendered":"FREIDORA ARNO AIR FRY EZFP 3.2L NEGRO 220V 1200W"},"content":{"rendered":"<p>* Temperatura ajustable m\u00e1xima de 200\u00b0C. * Permite quitar la rejilla. * Cable de 0,71 metros. * Capacidad 3,2 litros. * Timer de 60 minutos. * Potencia 1.200 W. * F\u00e1cil de limpiar. Im\u00e1genes meramente ilustrativas. Im\u00e1genes e informaci\u00f3n sujetas a cambios sin previo aviso. Detalles t\u00e9cnicos: \u2022 ANCHO: 30 CM \u2022 ALTO: 30 CM \u2022 LARGO: 32,8 CM \u2022 PESO: 34200 GR<\/p>\n","protected":false},"excerpt":{"rendered":"<p>* Temperatura ajustable m\u00e1xima de 200\u00b0C. * Permite quitar la rejilla. * Cable de 0,71 metros. * Capacidad 3,2 litros. * Timer de 60 minutos. * Potencia 1.200 W. * F\u00e1cil de limpiar. Im\u00e1genes meramente ilustrativas. Im\u00e1genes e informaci\u00f3n sujetas a cambios sin previo aviso.<\/p>\n","protected":false},"featured_media":4907,"comment_status":"open","ping_status":"closed","template":"","meta":{"_et_pb_use_builder":"","_et_pb_old_content":"","_et_gb_content_width":""},"product_brand":[],"product_cat":[33],"product_tag":[],"class_list":{"0":"post-889","1":"product","2":"type-product","3":"status-publish","4":"has-post-thumbnail","6":"product_cat-cocina-y-comedor","8":"first","9":"instock","10":"shipping-taxable","11":"purchasable","12":"product-type-simple"},"_links":{"self":[{"href":"https:\/\/rubi.com.py\/index.php\/wp-json\/wp\/v2\/product\/889","targetHints":{"allow":["GET"]}}],"collection":[{"href":"https:\/\/rubi.com.py\/index.php\/wp-json\/wp\/v2\/product"}],"about":[{"href":"https:\/\/rubi.com.py\/index.php\/wp-json\/wp\/v2\/types\/product"}],"replies":[{"embeddable":true,"href":"https:\/\/rubi.com.py\/index.php\/wp-json\/wp\/v2\/comments?post=889"}],"wp:featuredmedia":[{"embeddable":true,"href":"https:\/\/rubi.com.py\/index.php\/wp-json\/wp\/v2\/media\/4907"}],"wp:attachment":[{"href":"https:\/\/rubi.com.py\/index.php\/wp-json\/wp\/v2\/media?parent=889"}],"wp:term":[{"taxonomy":"product_brand","embeddable":true,"href":"https:\/\/rubi.com.py\/index.php\/wp-json\/wp\/v2\/product_brand?post=889"},{"taxonomy":"product_cat","embeddable":true,"href":"https:\/\/rubi.com.py\/index.php\/wp-json\/wp\/v2\/product_cat?post=889"},{"taxonomy":"product_tag","embeddable":true,"href":"https:\/\/rubi.com.py\/index.php\/wp-json\/wp\/v2\/product_tag?post=889"}],"curies":[{"name":"wp","href":"https:\/\/api.w.org\/{rel}","templated":true}]}}