{"id":891,"date":"2025-10-07T15:22:27","date_gmt":"2025-10-07T13:22:27","guid":{"rendered":"https:\/\/rubi.com.py\/index.php\/producto\/forrajera-trapp-trf-70-1-25hp-martillo-fijo\/"},"modified":"2026-04-22T14:32:17","modified_gmt":"2026-04-22T12:32:17","slug":"forrajera-trapp-trf-70-1-25hp-martillo-fijo","status":"publish","type":"product","link":"https:\/\/rubi.com.py\/index.php\/producto\/forrajera-trapp-trf-70-1-25hp-martillo-fijo\/","title":{"rendered":"FORRAJERA TRAPP TRF-70 1.25HP MARTILLO FIJO"},"content":{"rendered":"<p>* Pintado con pintura a polvo de poli\u00e9ster polimerizado en horno a 180\u00b0, garantizando mayor durabilidad y mejor acabamiento. * Tratamiento anticorrosivo en todas las piezas sujetas a oxidaci\u00f3n. * Equipados con llave selectora de voltaje 110-220V. * Con 2 martillos fijos y 2 cuchillas. * Producci\u00f3n 500-900 Kg-h. * Potencia 1,25 HP. * Monof\u00e1sico. * 4 barandas. Im\u00e1genes meramente ilustrativas. Im\u00e1genes e informaci\u00f3n sujetas a cambios sin previo aviso. Detalles t\u00e9cnicos: \u2022 ANCHO: 46 CM \u2022 ALTO: 54 CM \u2022 LARGO: 82 CM \u2022 PESO: 38000 GR<\/p>\n","protected":false},"excerpt":{"rendered":"<p>* Pintado con pintura a polvo de poli\u00e9ster polimerizado en horno a 180\u00b0, garantizando mayor durabilidad y mejor acabamiento. * Tratamiento anticorrosivo en todas las piezas sujetas a oxidaci\u00f3n. * Equipados con llave selectora de voltaje 110-220V. * Con 2 martillos fijos y 2 cuchillas. * Producci\u00f3n 500-900 Kg-h. * Potencia 1,25 HP. * Monof\u00e1sico. * 4 barandas. Im\u00e1genes meramente ilustrativas. Im\u00e1genes e informaci\u00f3n sujetas a cambios sin previo aviso.<\/p>\n","protected":false},"featured_media":4906,"comment_status":"open","ping_status":"closed","template":"","meta":{"_et_pb_use_builder":"","_et_pb_old_content":"","_et_gb_content_width":""},"product_brand":[],"product_cat":[36,39],"product_tag":[],"class_list":{"0":"post-891","1":"product","2":"type-product","3":"status-publish","4":"has-post-thumbnail","6":"product_cat-ferreteria","7":"product_cat-industria-comercio-y-campo","9":"first","10":"instock","11":"shipping-taxable","12":"purchasable","13":"product-type-simple"},"_links":{"self":[{"href":"https:\/\/rubi.com.py\/index.php\/wp-json\/wp\/v2\/product\/891","targetHints":{"allow":["GET"]}}],"collection":[{"href":"https:\/\/rubi.com.py\/index.php\/wp-json\/wp\/v2\/product"}],"about":[{"href":"https:\/\/rubi.com.py\/index.php\/wp-json\/wp\/v2\/types\/product"}],"replies":[{"embeddable":true,"href":"https:\/\/rubi.com.py\/index.php\/wp-json\/wp\/v2\/comments?post=891"}],"wp:featuredmedia":[{"embeddable":true,"href":"https:\/\/rubi.com.py\/index.php\/wp-json\/wp\/v2\/media\/4906"}],"wp:attachment":[{"href":"https:\/\/rubi.com.py\/index.php\/wp-json\/wp\/v2\/media?parent=891"}],"wp:term":[{"taxonomy":"product_brand","embeddable":true,"href":"https:\/\/rubi.com.py\/index.php\/wp-json\/wp\/v2\/product_brand?post=891"},{"taxonomy":"product_cat","embeddable":true,"href":"https:\/\/rubi.com.py\/index.php\/wp-json\/wp\/v2\/product_cat?post=891"},{"taxonomy":"product_tag","embeddable":true,"href":"https:\/\/rubi.com.py\/index.php\/wp-json\/wp\/v2\/product_tag?post=891"}],"curies":[{"name":"wp","href":"https:\/\/api.w.org\/{rel}","templated":true}]}}