{"id":893,"date":"2025-10-07T15:22:49","date_gmt":"2025-10-07T13:22:49","guid":{"rendered":"https:\/\/rubi.com.py\/index.php\/producto\/forrajera-trapp-trf-400-2hp\/"},"modified":"2026-04-22T14:31:44","modified_gmt":"2026-04-22T12:31:44","slug":"forrajera-trapp-trf-400-2hp","status":"publish","type":"product","link":"https:\/\/rubi.com.py\/index.php\/producto\/forrajera-trapp-trf-400-2hp\/","title":{"rendered":"FORRAJERA TRAPP TRF-400 2HP"},"content":{"rendered":"<p>* 2HP. * 2 martllos fijos. * 2 cuchillas. * Producci\u00f3n de raci\u00f3n verde 700400kgh. * 3600 RPM. * Monof\u00e1sico. * Interruptor de encapag. Detalles t\u00e9cnicos: \u2022 ANCHO: 86 CM \u2022 ALTO: 105 CM \u2022 LARGO: 56 CM \u2022 PESO: 67470 GR<\/p>\n","protected":false},"excerpt":{"rendered":"<p>* 2HP. * 2 martllos fijos. * 2 cuchillas. * Producci\u00f3n de raci\u00f3n verde 700400kgh. * 3600 RPM. * Monof\u00e1sico. * Interruptor de encapag.<\/p>\n","protected":false},"featured_media":4905,"comment_status":"open","ping_status":"closed","template":"","meta":{"_et_pb_use_builder":"","_et_pb_old_content":"","_et_gb_content_width":""},"product_brand":[],"product_cat":[36,39],"product_tag":[],"class_list":{"0":"post-893","1":"product","2":"type-product","3":"status-publish","4":"has-post-thumbnail","6":"product_cat-ferreteria","7":"product_cat-industria-comercio-y-campo","9":"first","10":"instock","11":"shipping-taxable","12":"purchasable","13":"product-type-simple"},"_links":{"self":[{"href":"https:\/\/rubi.com.py\/index.php\/wp-json\/wp\/v2\/product\/893","targetHints":{"allow":["GET"]}}],"collection":[{"href":"https:\/\/rubi.com.py\/index.php\/wp-json\/wp\/v2\/product"}],"about":[{"href":"https:\/\/rubi.com.py\/index.php\/wp-json\/wp\/v2\/types\/product"}],"replies":[{"embeddable":true,"href":"https:\/\/rubi.com.py\/index.php\/wp-json\/wp\/v2\/comments?post=893"}],"wp:featuredmedia":[{"embeddable":true,"href":"https:\/\/rubi.com.py\/index.php\/wp-json\/wp\/v2\/media\/4905"}],"wp:attachment":[{"href":"https:\/\/rubi.com.py\/index.php\/wp-json\/wp\/v2\/media?parent=893"}],"wp:term":[{"taxonomy":"product_brand","embeddable":true,"href":"https:\/\/rubi.com.py\/index.php\/wp-json\/wp\/v2\/product_brand?post=893"},{"taxonomy":"product_cat","embeddable":true,"href":"https:\/\/rubi.com.py\/index.php\/wp-json\/wp\/v2\/product_cat?post=893"},{"taxonomy":"product_tag","embeddable":true,"href":"https:\/\/rubi.com.py\/index.php\/wp-json\/wp\/v2\/product_tag?post=893"}],"curies":[{"name":"wp","href":"https:\/\/api.w.org\/{rel}","templated":true}]}}