{"id":895,"date":"2025-10-07T15:23:08","date_gmt":"2025-10-07T13:23:08","guid":{"rendered":"https:\/\/rubi.com.py\/index.php\/producto\/forrajera-trapp-trf-300-2hp-c-correa\/"},"modified":"2026-04-22T14:31:23","modified_gmt":"2026-04-22T12:31:23","slug":"forrajera-trapp-trf-300-2hp-c-correa","status":"publish","type":"product","link":"https:\/\/rubi.com.py\/index.php\/producto\/forrajera-trapp-trf-300-2hp-c-correa\/","title":{"rendered":"FORRAJERA TRAPP TRF-300 2HP C\/ CORREA"},"content":{"rendered":"<p>* Tratamiento anticorrosivo en todas las piezas. * Producci\u00f3n forraje 700-1400 kg-h. * Producci\u00f3n ma\u00edz 50-80 kg-h. * 10 martillos m\u00f3viles. * Potencia 2 HP. * 2 cuchillas. Im\u00e1genes meramente ilustrativas. Im\u00e1genes e informaci\u00f3n sujetas a cambios sin previo aviso. Detalles t\u00e9cnicos: \u2022 ANCHO: 74 CM \u2022 ALTO: 105 CM \u2022 LARGO: 70 CM \u2022 PESO: 78000 GR<\/p>\n","protected":false},"excerpt":{"rendered":"<p>* Tratamiento anticorrosivo en todas las piezas. * Producci\u00f3n forraje 700-1400 kg-h. * Producci\u00f3n ma\u00edz 50-80 kg-h. * 10 martillos m\u00f3viles. * Potencia 2 HP. * 2 cuchillas. Im\u00e1genes meramente ilustrativas. Im\u00e1genes e informaci\u00f3n sujetas a cambios sin previo aviso.<\/p>\n","protected":false},"featured_media":4904,"comment_status":"open","ping_status":"closed","template":"","meta":{"_et_pb_use_builder":"","_et_pb_old_content":"","_et_gb_content_width":""},"product_brand":[],"product_cat":[36,39],"product_tag":[],"class_list":{"0":"post-895","1":"product","2":"type-product","3":"status-publish","4":"has-post-thumbnail","6":"product_cat-ferreteria","7":"product_cat-industria-comercio-y-campo","9":"first","10":"instock","11":"shipping-taxable","12":"purchasable","13":"product-type-simple"},"_links":{"self":[{"href":"https:\/\/rubi.com.py\/index.php\/wp-json\/wp\/v2\/product\/895","targetHints":{"allow":["GET"]}}],"collection":[{"href":"https:\/\/rubi.com.py\/index.php\/wp-json\/wp\/v2\/product"}],"about":[{"href":"https:\/\/rubi.com.py\/index.php\/wp-json\/wp\/v2\/types\/product"}],"replies":[{"embeddable":true,"href":"https:\/\/rubi.com.py\/index.php\/wp-json\/wp\/v2\/comments?post=895"}],"wp:featuredmedia":[{"embeddable":true,"href":"https:\/\/rubi.com.py\/index.php\/wp-json\/wp\/v2\/media\/4904"}],"wp:attachment":[{"href":"https:\/\/rubi.com.py\/index.php\/wp-json\/wp\/v2\/media?parent=895"}],"wp:term":[{"taxonomy":"product_brand","embeddable":true,"href":"https:\/\/rubi.com.py\/index.php\/wp-json\/wp\/v2\/product_brand?post=895"},{"taxonomy":"product_cat","embeddable":true,"href":"https:\/\/rubi.com.py\/index.php\/wp-json\/wp\/v2\/product_cat?post=895"},{"taxonomy":"product_tag","embeddable":true,"href":"https:\/\/rubi.com.py\/index.php\/wp-json\/wp\/v2\/product_tag?post=895"}],"curies":[{"name":"wp","href":"https:\/\/api.w.org\/{rel}","templated":true}]}}