{"id":897,"date":"2025-10-07T15:23:27","date_gmt":"2025-10-07T13:23:27","guid":{"rendered":"https:\/\/rubi.com.py\/index.php\/producto\/forrajera-trapp-mod-trf300g-7hp-motor-l-4t\/"},"modified":"2026-04-22T14:40:17","modified_gmt":"2026-04-22T12:40:17","slug":"forrajera-trapp-mod-trf300g-7hp-motor-l-4t","status":"publish","type":"product","link":"https:\/\/rubi.com.py\/index.php\/producto\/forrajera-trapp-mod-trf300g-7hp-motor-l-4t\/","title":{"rendered":"FORRAJERA TRAPP MOD TRF300G 7HP MOTOR L 4T"},"content":{"rendered":"<p>* Cuerpo construido con chapa de 4,25mm de espesura. * 4 zaranda (0.8, 3.5, y 12 mm) &#8211; 1 zaranda O lisa. * L\u00e1minas de corte (cuchilla) de acero especial. * Transmisi\u00f3n de fuerza a trav\u00e9s de las correas. * Producci\u00f3n forraje 700-1400 Kg-h. * 10 martillos m\u00f3viles, 2 cuchillas. * Embudo de 13 litros. * Potencia 7HP. Im\u00e1genes meramente ilustrativas. Im\u00e1genes e informaci\u00f3n sujetas a cambios sin previo aviso. Detalles t\u00e9cnicos: \u2022 ANCHO: 112 CM \u2022 ALTO: 115 CM \u2022 LARGO: 74 CM \u2022 PESO: 108500 GR<\/p>\n","protected":false},"excerpt":{"rendered":"<p>* Cuerpo construido con chapa de 4,25mm de espesura. * 4 zaranda (0.8, 3.5, y 12 mm) &#8211; 1 zaranda O lisa. * L\u00e1minas de corte (cuchilla) de acero especial. * Transmisi\u00f3n de fuerza a trav\u00e9s de las correas. * Producci\u00f3n forraje 700-1400 Kg-h. * 10 martillos m\u00f3viles, 2 cuchillas. * Embudo de 13 litros. * Potencia 7HP. Im\u00e1genes meramente ilustrativas. Im\u00e1genes e informaci\u00f3n sujetas a cambios sin previo aviso.<\/p>\n","protected":false},"featured_media":4923,"comment_status":"open","ping_status":"closed","template":"","meta":{"_et_pb_use_builder":"","_et_pb_old_content":"","_et_gb_content_width":""},"product_brand":[],"product_cat":[39],"product_tag":[],"class_list":{"0":"post-897","1":"product","2":"type-product","3":"status-publish","4":"has-post-thumbnail","6":"product_cat-industria-comercio-y-campo","8":"first","9":"instock","10":"shipping-taxable","11":"purchasable","12":"product-type-simple"},"_links":{"self":[{"href":"https:\/\/rubi.com.py\/index.php\/wp-json\/wp\/v2\/product\/897","targetHints":{"allow":["GET"]}}],"collection":[{"href":"https:\/\/rubi.com.py\/index.php\/wp-json\/wp\/v2\/product"}],"about":[{"href":"https:\/\/rubi.com.py\/index.php\/wp-json\/wp\/v2\/types\/product"}],"replies":[{"embeddable":true,"href":"https:\/\/rubi.com.py\/index.php\/wp-json\/wp\/v2\/comments?post=897"}],"wp:featuredmedia":[{"embeddable":true,"href":"https:\/\/rubi.com.py\/index.php\/wp-json\/wp\/v2\/media\/4923"}],"wp:attachment":[{"href":"https:\/\/rubi.com.py\/index.php\/wp-json\/wp\/v2\/media?parent=897"}],"wp:term":[{"taxonomy":"product_brand","embeddable":true,"href":"https:\/\/rubi.com.py\/index.php\/wp-json\/wp\/v2\/product_brand?post=897"},{"taxonomy":"product_cat","embeddable":true,"href":"https:\/\/rubi.com.py\/index.php\/wp-json\/wp\/v2\/product_cat?post=897"},{"taxonomy":"product_tag","embeddable":true,"href":"https:\/\/rubi.com.py\/index.php\/wp-json\/wp\/v2\/product_tag?post=897"}],"curies":[{"name":"wp","href":"https:\/\/api.w.org\/{rel}","templated":true}]}}