{"id":899,"date":"2025-10-07T15:27:26","date_gmt":"2025-10-07T13:27:26","guid":{"rendered":"https:\/\/rubi.com.py\/index.php\/producto\/fabricadora-de-hielo-tokyo-tok-im-15kgs-carga-manual-inox\/"},"modified":"2026-04-22T14:39:47","modified_gmt":"2026-04-22T12:39:47","slug":"fabricadora-de-hielo-tokyo-tok-im-15kgs-carga-manual-inox","status":"publish","type":"product","link":"https:\/\/rubi.com.py\/index.php\/producto\/fabricadora-de-hielo-tokyo-tok-im-15kgs-carga-manual-inox\/","title":{"rendered":"FABRICADORA DE HIELO TOKYO TOK-IM 15KGS CARGA MANUAL INOX"},"content":{"rendered":"<p>* Capacidad de producci\u00f3n 15kg-24h. * Aviso de hielo listo y falta de agua. * Luces indicadoras en el panel. * Tapa con visor transparente. * Bot\u00f3n de selecci\u00f3n de hielo. * Carga manual de agua. * Hielo tipo bala. * Con gas eco. * Inoxidable. MEDIDAS DEL PRODUCTO. * Ancho 25 cm. * Altura 42 cm. * Profundidad 35 cm. Im\u00e1genes meramente ilustrativas. Im\u00e1genes e informaci\u00f3n sujetas a cambios sin previo aviso. Detalles t\u00e9cnicos: \u2022 CAPACIDAD: 15 kilogramo \u2022 ANCHO: 31 CM \u2022 ALTO: 49 CM \u2022 LARGO: 47,8 CM \u2022 PESO: 12500 GR<\/p>\n","protected":false},"excerpt":{"rendered":"<p>* Capacidad de producci\u00f3n 15kg-24h. * Aviso de hielo listo y falta de agua. * Luces indicadoras en el panel. * Tapa con visor transparente. * Bot\u00f3n de selecci\u00f3n de hielo. * Carga manual de agua. * Hielo tipo bala. * Con gas eco. * Inoxidable. MEDIDAS DEL PRODUCTO. * Ancho 25 cm. * Altura 42 cm. * Profundidad 35 cm. Im\u00e1genes meramente ilustrativas. Im\u00e1genes e informaci\u00f3n sujetas a cambios sin previo aviso.<\/p>\n","protected":false},"featured_media":4922,"comment_status":"open","ping_status":"closed","template":"","meta":{"_et_pb_use_builder":"","_et_pb_old_content":"","_et_gb_content_width":""},"product_brand":[],"product_cat":[43],"product_tag":[],"class_list":{"0":"post-899","1":"product","2":"type-product","3":"status-publish","4":"has-post-thumbnail","6":"product_cat-refrigeracion","8":"first","9":"instock","10":"shipping-taxable","11":"purchasable","12":"product-type-simple"},"_links":{"self":[{"href":"https:\/\/rubi.com.py\/index.php\/wp-json\/wp\/v2\/product\/899","targetHints":{"allow":["GET"]}}],"collection":[{"href":"https:\/\/rubi.com.py\/index.php\/wp-json\/wp\/v2\/product"}],"about":[{"href":"https:\/\/rubi.com.py\/index.php\/wp-json\/wp\/v2\/types\/product"}],"replies":[{"embeddable":true,"href":"https:\/\/rubi.com.py\/index.php\/wp-json\/wp\/v2\/comments?post=899"}],"wp:featuredmedia":[{"embeddable":true,"href":"https:\/\/rubi.com.py\/index.php\/wp-json\/wp\/v2\/media\/4922"}],"wp:attachment":[{"href":"https:\/\/rubi.com.py\/index.php\/wp-json\/wp\/v2\/media?parent=899"}],"wp:term":[{"taxonomy":"product_brand","embeddable":true,"href":"https:\/\/rubi.com.py\/index.php\/wp-json\/wp\/v2\/product_brand?post=899"},{"taxonomy":"product_cat","embeddable":true,"href":"https:\/\/rubi.com.py\/index.php\/wp-json\/wp\/v2\/product_cat?post=899"},{"taxonomy":"product_tag","embeddable":true,"href":"https:\/\/rubi.com.py\/index.php\/wp-json\/wp\/v2\/product_tag?post=899"}],"curies":[{"name":"wp","href":"https:\/\/api.w.org\/{rel}","templated":true}]}}