{"id":901,"date":"2025-10-07T15:28:20","date_gmt":"2025-10-07T13:28:20","guid":{"rendered":"https:\/\/rubi.com.py\/index.php\/producto\/extractor-de-jugo-moulinex-ju550d10-800w\/"},"modified":"2026-04-22T14:39:27","modified_gmt":"2026-04-22T12:39:27","slug":"extractor-de-jugo-moulinex-ju550d10-800w","status":"publish","type":"product","link":"https:\/\/rubi.com.py\/index.php\/producto\/extractor-de-jugo-moulinex-ju550d10-800w\/","title":{"rendered":"EXTRACTOR DE JUGO MOULINEX JU550D10 800W"},"content":{"rendered":"<p>* Alta Capacidad Puedes hacer hasta 2 litros de jugo sin detener el extractor (hasta que el recipiente de pulpa se llene). * Vaso de alimentaci\u00f3n de 75 mm que elimina la necesidad de cortar o pelar las frutas y verduras. * 2 Velocidades para adaptarse a los ingredientes duros o delicados. * Capacidad para pulpa 1,4 litros. * Capacidad para jugo 0,8. * F\u00e1cil de limpiar. Im\u00e1genes meramente ilustrativas. Im\u00e1genes e informaci\u00f3n sujetas a cambios sin previo aviso. Detalles t\u00e9cnicos: \u2022 ANCHO: 29 CM \u2022 ALTO: 52 CM \u2022 LARGO: 29,5 CM \u2022 PESO: 5840 GR<\/p>\n","protected":false},"excerpt":{"rendered":"<p>* Alta Capacidad Puedes hacer hasta 2 litros de jugo sin detener el extractor (hasta que el recipiente de pulpa se llene). * Vaso de alimentaci\u00f3n de 75 mm que elimina la necesidad de cortar o pelar las frutas y verduras. * 2 Velocidades para adaptarse a los ingredientes duros o delicados. * Capacidad para pulpa 1,4 litros. * Capacidad para jugo 0,8. * F\u00e1cil de limpiar. Im\u00e1genes meramente ilustrativas. Im\u00e1genes e informaci\u00f3n sujetas a cambios sin previo aviso.<\/p>\n","protected":false},"featured_media":4921,"comment_status":"open","ping_status":"closed","template":"","meta":{"_et_pb_use_builder":"","_et_pb_old_content":"","_et_gb_content_width":""},"product_brand":[],"product_cat":[33],"product_tag":[],"class_list":{"0":"post-901","1":"product","2":"type-product","3":"status-publish","4":"has-post-thumbnail","6":"product_cat-cocina-y-comedor","8":"first","9":"instock","10":"shipping-taxable","11":"purchasable","12":"product-type-simple"},"_links":{"self":[{"href":"https:\/\/rubi.com.py\/index.php\/wp-json\/wp\/v2\/product\/901","targetHints":{"allow":["GET"]}}],"collection":[{"href":"https:\/\/rubi.com.py\/index.php\/wp-json\/wp\/v2\/product"}],"about":[{"href":"https:\/\/rubi.com.py\/index.php\/wp-json\/wp\/v2\/types\/product"}],"replies":[{"embeddable":true,"href":"https:\/\/rubi.com.py\/index.php\/wp-json\/wp\/v2\/comments?post=901"}],"wp:featuredmedia":[{"embeddable":true,"href":"https:\/\/rubi.com.py\/index.php\/wp-json\/wp\/v2\/media\/4921"}],"wp:attachment":[{"href":"https:\/\/rubi.com.py\/index.php\/wp-json\/wp\/v2\/media?parent=901"}],"wp:term":[{"taxonomy":"product_brand","embeddable":true,"href":"https:\/\/rubi.com.py\/index.php\/wp-json\/wp\/v2\/product_brand?post=901"},{"taxonomy":"product_cat","embeddable":true,"href":"https:\/\/rubi.com.py\/index.php\/wp-json\/wp\/v2\/product_cat?post=901"},{"taxonomy":"product_tag","embeddable":true,"href":"https:\/\/rubi.com.py\/index.php\/wp-json\/wp\/v2\/product_tag?post=901"}],"curies":[{"name":"wp","href":"https:\/\/api.w.org\/{rel}","templated":true}]}}