{"id":905,"date":"2025-10-07T15:29:14","date_gmt":"2025-10-07T13:29:14","guid":{"rendered":"https:\/\/rubi.com.py\/index.php\/producto\/exprimidor-arno-mod-cp31-negro-0-75l-40w-power\/"},"modified":"2026-04-22T14:38:36","modified_gmt":"2026-04-22T12:38:36","slug":"exprimidor-arno-mod-cp31-negro-0-75l-40w-power","status":"publish","type":"product","link":"https:\/\/rubi.com.py\/index.php\/producto\/exprimidor-arno-mod-cp31-negro-0-75l-40w-power\/","title":{"rendered":"EXPRIMIDOR ARNO MOD CP31 NEGRO 0.75L 40W POWER"},"content":{"rendered":"<p>* Potencia ideal para exprimir r\u00e1pidamente hasta la \u00faltima gota. * Rotaci\u00f3n alternada Derecha e izquierda. * Capacidad de 0,75L * Potencia 40W. Im\u00e1genes meramente ilustrativas. Im\u00e1genes e informaci\u00f3n sujetas a cambios sin previo aviso. Detalles t\u00e9cnicos: \u2022 POTENCIA: 40 Watts \u2022 CAPACIDAD: 0.75 Litros \u2022 ANCHO: 18,8 CM \u2022 ALTO: 22,5 CM \u2022 LARGO: 18,5 CM \u2022 PESO: 1265 GR<\/p>\n","protected":false},"excerpt":{"rendered":"<p>* Potencia ideal para exprimir r\u00e1pidamente hasta la \u00faltima gota. * Rotaci\u00f3n alternada Derecha e izquierda. * Capacidad de 0,75L * Potencia 40W. Im\u00e1genes meramente ilustrativas. Im\u00e1genes e informaci\u00f3n sujetas a cambios sin previo aviso.<\/p>\n","protected":false},"featured_media":4919,"comment_status":"open","ping_status":"closed","template":"","meta":{"_et_pb_use_builder":"","_et_pb_old_content":"","_et_gb_content_width":""},"product_brand":[],"product_cat":[33],"product_tag":[],"class_list":{"0":"post-905","1":"product","2":"type-product","3":"status-publish","4":"has-post-thumbnail","6":"product_cat-cocina-y-comedor","8":"first","9":"instock","10":"shipping-taxable","11":"purchasable","12":"product-type-simple"},"_links":{"self":[{"href":"https:\/\/rubi.com.py\/index.php\/wp-json\/wp\/v2\/product\/905","targetHints":{"allow":["GET"]}}],"collection":[{"href":"https:\/\/rubi.com.py\/index.php\/wp-json\/wp\/v2\/product"}],"about":[{"href":"https:\/\/rubi.com.py\/index.php\/wp-json\/wp\/v2\/types\/product"}],"replies":[{"embeddable":true,"href":"https:\/\/rubi.com.py\/index.php\/wp-json\/wp\/v2\/comments?post=905"}],"wp:featuredmedia":[{"embeddable":true,"href":"https:\/\/rubi.com.py\/index.php\/wp-json\/wp\/v2\/media\/4919"}],"wp:attachment":[{"href":"https:\/\/rubi.com.py\/index.php\/wp-json\/wp\/v2\/media?parent=905"}],"wp:term":[{"taxonomy":"product_brand","embeddable":true,"href":"https:\/\/rubi.com.py\/index.php\/wp-json\/wp\/v2\/product_brand?post=905"},{"taxonomy":"product_cat","embeddable":true,"href":"https:\/\/rubi.com.py\/index.php\/wp-json\/wp\/v2\/product_cat?post=905"},{"taxonomy":"product_tag","embeddable":true,"href":"https:\/\/rubi.com.py\/index.php\/wp-json\/wp\/v2\/product_tag?post=905"}],"curies":[{"name":"wp","href":"https:\/\/api.w.org\/{rel}","templated":true}]}}