{"id":907,"date":"2025-10-07T15:29:42","date_gmt":"2025-10-07T13:29:42","guid":{"rendered":"https:\/\/rubi.com.py\/index.php\/producto\/expositor-vertical-tokyo-mod-tokvs402-panel-led\/"},"modified":"2026-04-22T14:38:19","modified_gmt":"2026-04-22T12:38:19","slug":"expositor-vertical-tokyo-mod-tokvs402-panel-led","status":"publish","type":"product","link":"https:\/\/rubi.com.py\/index.php\/producto\/expositor-vertical-tokyo-mod-tokvs402-panel-led\/","title":{"rendered":"EXPOSITOR VERTICAL TOKYO-MOD TOKVS402 PANEL LED"},"content":{"rendered":"<p>* Temperatura regulable 2\u00b0C-7\u00b0C. * Capacidad bruta 402 Lts. * Potencia nominal 280 W. * Puerta con doble vidrio. * Compresor Embraco. * Clase climatica T. * Deshielo manual. * 220V-50HZ. * Luz Led. MEDIDAS DEL PRODUCTO. * Ancho 65 cm. * Alto 1.75 cm. * Profundidad 62 cm. Im\u00e1genes meramente ilustrativas. Im\u00e1genes e informaci\u00f3n sujetas a cambios sin previo aviso. Detalles t\u00e9cnicos: \u2022 ANCHO: 69 CM \u2022 ALTO: 185 CM \u2022 LARGO: 76 CM \u2022 PESO: 79000 GR<\/p>\n","protected":false},"excerpt":{"rendered":"<p>* Temperatura regulable 2\u00b0C-7\u00b0C. * Capacidad bruta 402 Lts. * Potencia nominal 280 W. * Puerta con doble vidrio. * Compresor Embraco. * Clase climatica T. * Deshielo manual. * 220V-50HZ. * Luz Led. MEDIDAS DEL PRODUCTO. * Ancho 65 cm. * Alto 1.75 cm. * Profundidad 62 cm. Im\u00e1genes meramente ilustrativas. Im\u00e1genes e informaci\u00f3n sujetas a cambios sin previo aviso.<\/p>\n","protected":false},"featured_media":4918,"comment_status":"open","ping_status":"closed","template":"","meta":{"_et_pb_use_builder":"","_et_pb_old_content":"","_et_gb_content_width":""},"product_brand":[],"product_cat":[43],"product_tag":[],"class_list":{"0":"post-907","1":"product","2":"type-product","3":"status-publish","4":"has-post-thumbnail","6":"product_cat-refrigeracion","8":"first","9":"instock","10":"shipping-taxable","11":"purchasable","12":"product-type-simple"},"_links":{"self":[{"href":"https:\/\/rubi.com.py\/index.php\/wp-json\/wp\/v2\/product\/907","targetHints":{"allow":["GET"]}}],"collection":[{"href":"https:\/\/rubi.com.py\/index.php\/wp-json\/wp\/v2\/product"}],"about":[{"href":"https:\/\/rubi.com.py\/index.php\/wp-json\/wp\/v2\/types\/product"}],"replies":[{"embeddable":true,"href":"https:\/\/rubi.com.py\/index.php\/wp-json\/wp\/v2\/comments?post=907"}],"wp:featuredmedia":[{"embeddable":true,"href":"https:\/\/rubi.com.py\/index.php\/wp-json\/wp\/v2\/media\/4918"}],"wp:attachment":[{"href":"https:\/\/rubi.com.py\/index.php\/wp-json\/wp\/v2\/media?parent=907"}],"wp:term":[{"taxonomy":"product_brand","embeddable":true,"href":"https:\/\/rubi.com.py\/index.php\/wp-json\/wp\/v2\/product_brand?post=907"},{"taxonomy":"product_cat","embeddable":true,"href":"https:\/\/rubi.com.py\/index.php\/wp-json\/wp\/v2\/product_cat?post=907"},{"taxonomy":"product_tag","embeddable":true,"href":"https:\/\/rubi.com.py\/index.php\/wp-json\/wp\/v2\/product_tag?post=907"}],"curies":[{"name":"wp","href":"https:\/\/api.w.org\/{rel}","templated":true}]}}