{"id":909,"date":"2025-10-07T15:30:04","date_gmt":"2025-10-07T13:30:04","guid":{"rendered":"https:\/\/rubi.com.py\/index.php\/producto\/expositor-vertical-tokyo-mod-tokvs350-panel-led-350l-com-330l-neto\/"},"modified":"2026-04-22T14:38:04","modified_gmt":"2026-04-22T12:38:04","slug":"expositor-vertical-tokyo-mod-tokvs350-panel-led-350l-com-330l-neto","status":"publish","type":"product","link":"https:\/\/rubi.com.py\/index.php\/producto\/expositor-vertical-tokyo-mod-tokvs350-panel-led-350l-com-330l-neto\/","title":{"rendered":"EXPOSITOR VERTICAL TOKYO-MOD TOKVS350 PANEL LED 350L COM\/330L NETO"},"content":{"rendered":"<p>* Fr\u00edo seco TROPICALIZADO. * Capacidad 330 Litros. * Termostato a perilla. * Rango 10\u00ba hasta 1\u00ba. * Bebidas en general. * Pantalla indicadora. * Llave y cerradura. * Gas Eco R134a. * Desempa\u00f1ador. * Con ruedas. MEDIDAS DEL PRODUCTO. * Ancho 60 cm. * Altura 187 cm. * Profundidad 67 cm. Im\u00e1genes meramente ilustrativas. Im\u00e1genes e informaci\u00f3n sujetas a cambios sin previo aviso. Detalles t\u00e9cnicos: \u2022 ANCHO: 67,5 CM \u2022 ALTO: 190 CM \u2022 LARGO: 64 CM \u2022 PESO: 78900 GR<\/p>\n","protected":false},"excerpt":{"rendered":"<p>* Fr\u00edo seco TROPICALIZADO. * Capacidad 330 Litros. * Termostato a perilla. * Rango 10\u00ba hasta 1\u00ba. * Bebidas en general. * Pantalla indicadora. * Llave y cerradura. * Gas Eco R134a. * Desempa\u00f1ador. * Con ruedas. MEDIDAS DEL PRODUCTO. * Ancho 60 cm. * Altura 187 cm. * Profundidad 67 cm. Im\u00e1genes meramente ilustrativas. Im\u00e1genes e informaci\u00f3n sujetas a cambios sin previo aviso.<\/p>\n","protected":false},"featured_media":4917,"comment_status":"open","ping_status":"closed","template":"","meta":{"_et_pb_use_builder":"","_et_pb_old_content":"","_et_gb_content_width":""},"product_brand":[],"product_cat":[43],"product_tag":[],"class_list":{"0":"post-909","1":"product","2":"type-product","3":"status-publish","4":"has-post-thumbnail","6":"product_cat-refrigeracion","8":"first","9":"instock","10":"shipping-taxable","11":"purchasable","12":"product-type-simple"},"_links":{"self":[{"href":"https:\/\/rubi.com.py\/index.php\/wp-json\/wp\/v2\/product\/909","targetHints":{"allow":["GET"]}}],"collection":[{"href":"https:\/\/rubi.com.py\/index.php\/wp-json\/wp\/v2\/product"}],"about":[{"href":"https:\/\/rubi.com.py\/index.php\/wp-json\/wp\/v2\/types\/product"}],"replies":[{"embeddable":true,"href":"https:\/\/rubi.com.py\/index.php\/wp-json\/wp\/v2\/comments?post=909"}],"wp:featuredmedia":[{"embeddable":true,"href":"https:\/\/rubi.com.py\/index.php\/wp-json\/wp\/v2\/media\/4917"}],"wp:attachment":[{"href":"https:\/\/rubi.com.py\/index.php\/wp-json\/wp\/v2\/media?parent=909"}],"wp:term":[{"taxonomy":"product_brand","embeddable":true,"href":"https:\/\/rubi.com.py\/index.php\/wp-json\/wp\/v2\/product_brand?post=909"},{"taxonomy":"product_cat","embeddable":true,"href":"https:\/\/rubi.com.py\/index.php\/wp-json\/wp\/v2\/product_cat?post=909"},{"taxonomy":"product_tag","embeddable":true,"href":"https:\/\/rubi.com.py\/index.php\/wp-json\/wp\/v2\/product_tag?post=909"}],"curies":[{"name":"wp","href":"https:\/\/api.w.org\/{rel}","templated":true}]}}