{"id":911,"date":"2025-10-07T15:30:23","date_gmt":"2025-10-07T13:30:23","guid":{"rendered":"https:\/\/rubi.com.py\/index.php\/producto\/expositor-vertical-tokyo-mod-tokvs300-panel-led\/"},"modified":"2026-04-22T14:37:50","modified_gmt":"2026-04-22T12:37:50","slug":"expositor-vertical-tokyo-mod-tokvs300-panel-led","status":"publish","type":"product","link":"https:\/\/rubi.com.py\/index.php\/producto\/expositor-vertical-tokyo-mod-tokvs300-panel-led\/","title":{"rendered":"EXPOSITOR VERTICAL TOKYO-MOD TOKVS300 PANEL LED"},"content":{"rendered":"<p>* Capacidad Comercial 300 Lts. * Capacidad Bruta 284 Lts. * Potencia nominal 180 W. * Puerta con doble vidrio. * Compresor Embraco. * Clase climatica T. * Deshielo manual. * 220V-50HZ. * Luz Led. Im\u00e1genes meramente ilustrativas. Im\u00e1genes e informaci\u00f3n sujetas a cambios sin previo aviso. Detalles t\u00e9cnicos: \u2022 ANCHO: 52 CM \u2022 ALTO: 185 CM \u2022 LARGO: 62 CM \u2022 PESO: 74000 GR<\/p>\n","protected":false},"excerpt":{"rendered":"<p>* Capacidad Comercial 300 Lts. * Capacidad Bruta 284 Lts. * Potencia nominal 180 W. * Puerta con doble vidrio. * Compresor Embraco. * Clase climatica T. * Deshielo manual. * 220V-50HZ. * Luz Led. Im\u00e1genes meramente ilustrativas. Im\u00e1genes e informaci\u00f3n sujetas a cambios sin previo aviso.<\/p>\n","protected":false},"featured_media":4916,"comment_status":"open","ping_status":"closed","template":"","meta":{"_et_pb_use_builder":"","_et_pb_old_content":"","_et_gb_content_width":""},"product_brand":[],"product_cat":[43],"product_tag":[],"class_list":{"0":"post-911","1":"product","2":"type-product","3":"status-publish","4":"has-post-thumbnail","6":"product_cat-refrigeracion","8":"first","9":"instock","10":"shipping-taxable","11":"purchasable","12":"product-type-simple"},"_links":{"self":[{"href":"https:\/\/rubi.com.py\/index.php\/wp-json\/wp\/v2\/product\/911","targetHints":{"allow":["GET"]}}],"collection":[{"href":"https:\/\/rubi.com.py\/index.php\/wp-json\/wp\/v2\/product"}],"about":[{"href":"https:\/\/rubi.com.py\/index.php\/wp-json\/wp\/v2\/types\/product"}],"replies":[{"embeddable":true,"href":"https:\/\/rubi.com.py\/index.php\/wp-json\/wp\/v2\/comments?post=911"}],"wp:featuredmedia":[{"embeddable":true,"href":"https:\/\/rubi.com.py\/index.php\/wp-json\/wp\/v2\/media\/4916"}],"wp:attachment":[{"href":"https:\/\/rubi.com.py\/index.php\/wp-json\/wp\/v2\/media?parent=911"}],"wp:term":[{"taxonomy":"product_brand","embeddable":true,"href":"https:\/\/rubi.com.py\/index.php\/wp-json\/wp\/v2\/product_brand?post=911"},{"taxonomy":"product_cat","embeddable":true,"href":"https:\/\/rubi.com.py\/index.php\/wp-json\/wp\/v2\/product_cat?post=911"},{"taxonomy":"product_tag","embeddable":true,"href":"https:\/\/rubi.com.py\/index.php\/wp-json\/wp\/v2\/product_tag?post=911"}],"curies":[{"name":"wp","href":"https:\/\/api.w.org\/{rel}","templated":true}]}}