{"id":930,"date":"2025-10-07T15:36:22","date_gmt":"2025-10-07T13:36:22","guid":{"rendered":"https:\/\/rubi.com.py\/index.php\/producto\/expositor-tokyo-tokm450-cenefa-led-416l-net\/"},"modified":"2026-04-22T14:42:43","modified_gmt":"2026-04-22T12:42:43","slug":"expositor-tokyo-tokm450-cenefa-led-416l-net","status":"publish","type":"product","link":"https:\/\/rubi.com.py\/index.php\/producto\/expositor-tokyo-tokm450-cenefa-led-416l-net\/","title":{"rendered":"EXPOSITOR TOKYO TOKM450 CENEFA LED 416L NET"},"content":{"rendered":"<p>* Capacidad neta 416 litros. * Con cenefa LED. * Fr\u00edo H\u00famedo. Im\u00e1genes meramente ilustrativas. Im\u00e1genes e informaci\u00f3n sujetas a cambios sin previo aviso. Detalles t\u00e9cnicos: \u2022 TENSION ELECTRICA: 220-240 VOLTIOS \u2022 FRECUENCIA ELECTRICA: 50 HERTZ \u2022 CAPACIDAD: 416 Litros \u2022 ANCHO: 78,7 CM \u2022 ALTO: 198,4 CM \u2022 LARGO: 72,2 CM \u2022 PESO: 99000 GR<\/p>\n","protected":false},"excerpt":{"rendered":"<p>* Capacidad neta 416 litros. * Con cenefa LED. * Fr\u00edo H\u00famedo. Im\u00e1genes meramente ilustrativas. Im\u00e1genes e informaci\u00f3n sujetas a cambios sin previo aviso.<\/p>\n","protected":false},"featured_media":4931,"comment_status":"open","ping_status":"closed","template":"","meta":{"_et_pb_use_builder":"","_et_pb_old_content":"","_et_gb_content_width":""},"product_brand":[],"product_cat":[43],"product_tag":[],"class_list":{"0":"post-930","1":"product","2":"type-product","3":"status-publish","4":"has-post-thumbnail","6":"product_cat-refrigeracion","8":"first","9":"instock","10":"shipping-taxable","11":"purchasable","12":"product-type-simple"},"_links":{"self":[{"href":"https:\/\/rubi.com.py\/index.php\/wp-json\/wp\/v2\/product\/930","targetHints":{"allow":["GET"]}}],"collection":[{"href":"https:\/\/rubi.com.py\/index.php\/wp-json\/wp\/v2\/product"}],"about":[{"href":"https:\/\/rubi.com.py\/index.php\/wp-json\/wp\/v2\/types\/product"}],"replies":[{"embeddable":true,"href":"https:\/\/rubi.com.py\/index.php\/wp-json\/wp\/v2\/comments?post=930"}],"wp:featuredmedia":[{"embeddable":true,"href":"https:\/\/rubi.com.py\/index.php\/wp-json\/wp\/v2\/media\/4931"}],"wp:attachment":[{"href":"https:\/\/rubi.com.py\/index.php\/wp-json\/wp\/v2\/media?parent=930"}],"wp:term":[{"taxonomy":"product_brand","embeddable":true,"href":"https:\/\/rubi.com.py\/index.php\/wp-json\/wp\/v2\/product_brand?post=930"},{"taxonomy":"product_cat","embeddable":true,"href":"https:\/\/rubi.com.py\/index.php\/wp-json\/wp\/v2\/product_cat?post=930"},{"taxonomy":"product_tag","embeddable":true,"href":"https:\/\/rubi.com.py\/index.php\/wp-json\/wp\/v2\/product_tag?post=930"}],"curies":[{"name":"wp","href":"https:\/\/api.w.org\/{rel}","templated":true}]}}