{"id":932,"date":"2025-10-07T15:36:59","date_gmt":"2025-10-07T13:36:59","guid":{"rendered":"https:\/\/rubi.com.py\/index.php\/producto\/estufa-torre-tokyo-flame-digital-con-funcion-ventilador-c-control-y-timer-8-hs-2\/"},"modified":"2026-04-22T14:42:26","modified_gmt":"2026-04-22T12:42:26","slug":"estufa-torre-tokyo-flame-digital-con-funcion-ventilador-c-control-y-timer-8-hs-2","status":"publish","type":"product","link":"https:\/\/rubi.com.py\/index.php\/producto\/estufa-torre-tokyo-flame-digital-con-funcion-ventilador-c-control-y-timer-8-hs-2\/","title":{"rendered":"ESTUFA TORRE TOKYO FLAME DIGITAL CON FUNCION VENTILADOR C\/CONTROL Y TIMER 8 HS 2"},"content":{"rendered":"<p>* Control remoto que permite un manejo a distancia. * Dise\u00f1o pr\u00e1ctico y moderno con un peso reducido. * Funci\u00f3n de temporizador y apagado autom\u00e1tico. * Panel decorativo con efecto Flama. * Uso sencillo con gran rendimiento. * Movimiento Oscilante. * Potencia 2.000W. * Panel digital. Im\u00e1genes meramente ilustrativas. Im\u00e1genes e informaci\u00f3n sujetas a cambios sin previo aviso. Detalles t\u00e9cnicos: \u2022 ANCHO: 27,5 CM \u2022 ALTO: 84,5 CM \u2022 LARGO: 27,5 CM \u2022 PESO: 3500 GR<\/p>\n","protected":false},"excerpt":{"rendered":"<p>* Control remoto que permite un manejo a distancia. * Dise\u00f1o pr\u00e1ctico y moderno con un peso reducido. * Funci\u00f3n de temporizador y apagado autom\u00e1tico. * Panel decorativo con efecto Flama. * Uso sencillo con gran rendimiento. * Movimiento Oscilante. * Potencia 2.000W. * Panel digital. Im\u00e1genes meramente ilustrativas. Im\u00e1genes e informaci\u00f3n sujetas a cambios sin previo aviso.<\/p>\n","protected":false},"featured_media":4930,"comment_status":"open","ping_status":"closed","template":"","meta":{"_et_pb_use_builder":"","_et_pb_old_content":"","_et_gb_content_width":""},"product_brand":[],"product_cat":[32],"product_tag":[],"class_list":{"0":"post-932","1":"product","2":"type-product","3":"status-publish","4":"has-post-thumbnail","6":"product_cat-climatizacion","8":"first","9":"instock","10":"shipping-taxable","11":"purchasable","12":"product-type-simple"},"_links":{"self":[{"href":"https:\/\/rubi.com.py\/index.php\/wp-json\/wp\/v2\/product\/932","targetHints":{"allow":["GET"]}}],"collection":[{"href":"https:\/\/rubi.com.py\/index.php\/wp-json\/wp\/v2\/product"}],"about":[{"href":"https:\/\/rubi.com.py\/index.php\/wp-json\/wp\/v2\/types\/product"}],"replies":[{"embeddable":true,"href":"https:\/\/rubi.com.py\/index.php\/wp-json\/wp\/v2\/comments?post=932"}],"wp:featuredmedia":[{"embeddable":true,"href":"https:\/\/rubi.com.py\/index.php\/wp-json\/wp\/v2\/media\/4930"}],"wp:attachment":[{"href":"https:\/\/rubi.com.py\/index.php\/wp-json\/wp\/v2\/media?parent=932"}],"wp:term":[{"taxonomy":"product_brand","embeddable":true,"href":"https:\/\/rubi.com.py\/index.php\/wp-json\/wp\/v2\/product_brand?post=932"},{"taxonomy":"product_cat","embeddable":true,"href":"https:\/\/rubi.com.py\/index.php\/wp-json\/wp\/v2\/product_cat?post=932"},{"taxonomy":"product_tag","embeddable":true,"href":"https:\/\/rubi.com.py\/index.php\/wp-json\/wp\/v2\/product_tag?post=932"}],"curies":[{"name":"wp","href":"https:\/\/api.w.org\/{rel}","templated":true}]}}