{"id":946,"date":"2025-10-07T15:40:07","date_gmt":"2025-10-07T13:40:07","guid":{"rendered":"https:\/\/rubi.com.py\/index.php\/producto\/eliptica-magnetica-evolution-el902-120kg-disco-5kg\/"},"modified":"2026-04-22T14:58:25","modified_gmt":"2026-04-22T12:58:25","slug":"eliptica-magnetica-evolution-el902-120kg-disco-5kg","status":"publish","type":"product","link":"https:\/\/rubi.com.py\/index.php\/producto\/eliptica-magnetica-evolution-el902-120kg-disco-5kg\/","title":{"rendered":"ELIPTICA MAGNETICA EVOLUTION EL902 120KG DISCO 5KG"},"content":{"rendered":"<p>* Panel digital que indica velocidad, tiempo, distancia, calor\u00edas. * Peso m\u00e1ximo del usuario 120 kg. * Hand grip integrado al manubrio. * Manubrio y asiento regulable. * Peso del producto 37,3 kg. * 8 niveles de intensidad. * Posa pies ergon\u00f3micos. * Disco de inercia 5 kg. * Porta celular o tablet. * Uso semicomercial. MEDIDAS DEL PRODUCTO. * Alto 20 cm. * Ancho 60 cm. * Profundidad 154 cm. Im\u00e1genes meramente ilustrativas. Im\u00e1genes e informaci\u00f3n sujetas a cambios sin previo aviso. Detalles t\u00e9cnicos: \u2022 ANCHO: 109,5 CM \u2022 ALTO: 43,5 CM \u2022 LARGO: 55 CM \u2022 PESO: 42500 GR<\/p>\n","protected":false},"excerpt":{"rendered":"<p>* Panel digital que indica velocidad, tiempo, distancia, calor\u00edas. * Peso m\u00e1ximo del usuario 120 kg. * Hand grip integrado al manubrio. * Manubrio y asiento regulable. * Peso del producto 37,3 kg. * 8 niveles de intensidad. * Posa pies ergon\u00f3micos. * Disco de inercia 5 kg. * Porta celular o tablet. * Uso semicomercial. MEDIDAS DEL PRODUCTO. * Alto 20 cm. * Ancho 60 cm. * Profundidad 154 cm. Im\u00e1genes meramente ilustrativas. Im\u00e1genes e informaci\u00f3n sujetas a cambios sin previo aviso.<\/p>\n","protected":false},"featured_media":4942,"comment_status":"open","ping_status":"closed","template":"","meta":{"_et_pb_use_builder":"","_et_pb_old_content":"","_et_gb_content_width":""},"product_brand":[],"product_cat":[35],"product_tag":[],"class_list":{"0":"post-946","1":"product","2":"type-product","3":"status-publish","4":"has-post-thumbnail","6":"product_cat-equipos-de-gimnasia","8":"first","9":"instock","10":"shipping-taxable","11":"purchasable","12":"product-type-simple"},"_links":{"self":[{"href":"https:\/\/rubi.com.py\/index.php\/wp-json\/wp\/v2\/product\/946","targetHints":{"allow":["GET"]}}],"collection":[{"href":"https:\/\/rubi.com.py\/index.php\/wp-json\/wp\/v2\/product"}],"about":[{"href":"https:\/\/rubi.com.py\/index.php\/wp-json\/wp\/v2\/types\/product"}],"replies":[{"embeddable":true,"href":"https:\/\/rubi.com.py\/index.php\/wp-json\/wp\/v2\/comments?post=946"}],"wp:featuredmedia":[{"embeddable":true,"href":"https:\/\/rubi.com.py\/index.php\/wp-json\/wp\/v2\/media\/4942"}],"wp:attachment":[{"href":"https:\/\/rubi.com.py\/index.php\/wp-json\/wp\/v2\/media?parent=946"}],"wp:term":[{"taxonomy":"product_brand","embeddable":true,"href":"https:\/\/rubi.com.py\/index.php\/wp-json\/wp\/v2\/product_brand?post=946"},{"taxonomy":"product_cat","embeddable":true,"href":"https:\/\/rubi.com.py\/index.php\/wp-json\/wp\/v2\/product_cat?post=946"},{"taxonomy":"product_tag","embeddable":true,"href":"https:\/\/rubi.com.py\/index.php\/wp-json\/wp\/v2\/product_tag?post=946"}],"curies":[{"name":"wp","href":"https:\/\/api.w.org\/{rel}","templated":true}]}}