{"id":950,"date":"2025-10-07T15:42:36","date_gmt":"2025-10-07T13:42:36","guid":{"rendered":"https:\/\/rubi.com.py\/index.php\/producto\/desmalezadora-trapp-a-combustion-rtx-52-2-hp\/"},"modified":"2026-04-22T14:49:20","modified_gmt":"2026-04-22T12:49:20","slug":"desmalezadora-trapp-a-combustion-rtx-52-2-hp","status":"publish","type":"product","link":"https:\/\/rubi.com.py\/index.php\/producto\/desmalezadora-trapp-a-combustion-rtx-52-2-hp\/","title":{"rendered":"DESMALEZADORA TRAPP A COMBUSTION RTX-52 2 HP"},"content":{"rendered":"<p>* Cuchilla 3 puntas. * Potencia 2HP. * 7500 RPM. * Motor 2T. * 52 CC. * Incluye cintur\u00f3n, mezclador de aceite y carrete de nylon. Im\u00e1genes meramente ilustrativas. Im\u00e1genes e informaci\u00f3n sujetas a cambios sin previo aviso. Detalles t\u00e9cnicos: \u2022 ANCHO: 10 CM \u2022 ALTO: 11 CM \u2022 LARGO: 164 CM \u2022 PESO: 98200 GR<\/p>\n","protected":false},"excerpt":{"rendered":"<p>* Cuchilla 3 puntas. * Potencia 2HP. * 7500 RPM. * Motor 2T. * 52 CC. * Incluye cintur\u00f3n, mezclador de aceite y carrete de nylon. Im\u00e1genes meramente ilustrativas. Im\u00e1genes e informaci\u00f3n sujetas a cambios sin previo aviso.<\/p>\n","protected":false},"featured_media":4940,"comment_status":"open","ping_status":"closed","template":"","meta":{"_et_pb_use_builder":"","_et_pb_old_content":"","_et_gb_content_width":""},"product_brand":[],"product_cat":[38],"product_tag":[],"class_list":{"0":"post-950","1":"product","2":"type-product","3":"status-publish","4":"has-post-thumbnail","6":"product_cat-hogar-y-limpieza","8":"first","9":"instock","10":"shipping-taxable","11":"purchasable","12":"product-type-simple"},"_links":{"self":[{"href":"https:\/\/rubi.com.py\/index.php\/wp-json\/wp\/v2\/product\/950","targetHints":{"allow":["GET"]}}],"collection":[{"href":"https:\/\/rubi.com.py\/index.php\/wp-json\/wp\/v2\/product"}],"about":[{"href":"https:\/\/rubi.com.py\/index.php\/wp-json\/wp\/v2\/types\/product"}],"replies":[{"embeddable":true,"href":"https:\/\/rubi.com.py\/index.php\/wp-json\/wp\/v2\/comments?post=950"}],"wp:featuredmedia":[{"embeddable":true,"href":"https:\/\/rubi.com.py\/index.php\/wp-json\/wp\/v2\/media\/4940"}],"wp:attachment":[{"href":"https:\/\/rubi.com.py\/index.php\/wp-json\/wp\/v2\/media?parent=950"}],"wp:term":[{"taxonomy":"product_brand","embeddable":true,"href":"https:\/\/rubi.com.py\/index.php\/wp-json\/wp\/v2\/product_brand?post=950"},{"taxonomy":"product_cat","embeddable":true,"href":"https:\/\/rubi.com.py\/index.php\/wp-json\/wp\/v2\/product_cat?post=950"},{"taxonomy":"product_tag","embeddable":true,"href":"https:\/\/rubi.com.py\/index.php\/wp-json\/wp\/v2\/product_tag?post=950"}],"curies":[{"name":"wp","href":"https:\/\/api.w.org\/{rel}","templated":true}]}}