{"id":952,"date":"2025-10-07T15:43:39","date_gmt":"2025-10-07T13:43:39","guid":{"rendered":"https:\/\/rubi.com.py\/index.php\/producto\/desmalezadora-trapp-a-combustion-rtx-43-1-7-hp\/"},"modified":"2026-04-22T14:49:04","modified_gmt":"2026-04-22T12:49:04","slug":"desmalezadora-trapp-a-combustion-rtx-43-1-7-hp","status":"publish","type":"product","link":"https:\/\/rubi.com.py\/index.php\/producto\/desmalezadora-trapp-a-combustion-rtx-43-1-7-hp\/","title":{"rendered":"DESMALEZADORA TRAPP A COMBUSTION RTX-43 1.7 HP"},"content":{"rendered":"<p>* Potencia 1.7 HP. * 7500 RPM. * Motor 2T. * 43CC. * Incluye cintur\u00f3n, mezclador de aceite, carrete de nylon. Im\u00e1genes meramente ilustrativas. Im\u00e1genes e informaci\u00f3n sujetas a cambios sin previo aviso. Detalles t\u00e9cnicos: \u2022 ANCHO: 10 CM \u2022 ALTO: 11 CM \u2022 LARGO: 164 CM \u2022 PESO: 9800 GR<\/p>\n","protected":false},"excerpt":{"rendered":"<p>* Potencia 1.7 HP. * 7500 RPM. * Motor 2T. * 43CC. * Incluye cintur\u00f3n, mezclador de aceite, carrete de nylon. Im\u00e1genes meramente ilustrativas. Im\u00e1genes e informaci\u00f3n sujetas a cambios sin previo aviso.<\/p>\n","protected":false},"featured_media":4939,"comment_status":"open","ping_status":"closed","template":"","meta":{"_et_pb_use_builder":"","_et_pb_old_content":"","_et_gb_content_width":""},"product_brand":[],"product_cat":[38],"product_tag":[],"class_list":{"0":"post-952","1":"product","2":"type-product","3":"status-publish","4":"has-post-thumbnail","6":"product_cat-hogar-y-limpieza","8":"first","9":"instock","10":"shipping-taxable","11":"purchasable","12":"product-type-simple"},"_links":{"self":[{"href":"https:\/\/rubi.com.py\/index.php\/wp-json\/wp\/v2\/product\/952","targetHints":{"allow":["GET"]}}],"collection":[{"href":"https:\/\/rubi.com.py\/index.php\/wp-json\/wp\/v2\/product"}],"about":[{"href":"https:\/\/rubi.com.py\/index.php\/wp-json\/wp\/v2\/types\/product"}],"replies":[{"embeddable":true,"href":"https:\/\/rubi.com.py\/index.php\/wp-json\/wp\/v2\/comments?post=952"}],"wp:featuredmedia":[{"embeddable":true,"href":"https:\/\/rubi.com.py\/index.php\/wp-json\/wp\/v2\/media\/4939"}],"wp:attachment":[{"href":"https:\/\/rubi.com.py\/index.php\/wp-json\/wp\/v2\/media?parent=952"}],"wp:term":[{"taxonomy":"product_brand","embeddable":true,"href":"https:\/\/rubi.com.py\/index.php\/wp-json\/wp\/v2\/product_brand?post=952"},{"taxonomy":"product_cat","embeddable":true,"href":"https:\/\/rubi.com.py\/index.php\/wp-json\/wp\/v2\/product_cat?post=952"},{"taxonomy":"product_tag","embeddable":true,"href":"https:\/\/rubi.com.py\/index.php\/wp-json\/wp\/v2\/product_tag?post=952"}],"curies":[{"name":"wp","href":"https:\/\/api.w.org\/{rel}","templated":true}]}}