{"id":963,"date":"2025-10-07T15:46:07","date_gmt":"2025-10-07T13:46:07","guid":{"rendered":"https:\/\/rubi.com.py\/index.php\/producto\/cortina-de-aire-tokyo-c-control-1-2m\/"},"modified":"2026-04-22T15:06:35","modified_gmt":"2026-04-22T13:06:35","slug":"cortina-de-aire-tokyo-c-control-1-2m","status":"publish","type":"product","link":"https:\/\/rubi.com.py\/index.php\/producto\/cortina-de-aire-tokyo-c-control-1-2m\/","title":{"rendered":"CORTINA DE AIRE TOKYO C\/CONTROL 1.2M"},"content":{"rendered":"<p>* Dise\u00f1o compacto, ahorro de espacio. * Carcasa met\u00e1lica, instalaci\u00f3n simple y f\u00e1cil limpieza. * Turbina de pl\u00e1stico r\u00edgido, bajo nivel de ruido. * Ventilador optimizado para gran volumen de aire y estabilidad. * 2 velocidades, doble m\u00e9todo de control manual. * Largo 120cm (1,2 m). Detalles t\u00e9cnicos: \u2022 ANCHO: 22 CM \u2022 ALTO: 25 CM \u2022 LARGO: 126 CM \u2022 PESO: 16900 GR<\/p>\n","protected":false},"excerpt":{"rendered":"<p>* Dise\u00f1o compacto, ahorro de espacio. * Carcasa met\u00e1lica, instalaci\u00f3n simple y f\u00e1cil limpieza. * Turbina de pl\u00e1stico r\u00edgido, bajo nivel de ruido. * Ventilador optimizado para gran volumen de aire y estabilidad. * 2 velocidades, doble m\u00e9todo de control manual. * Largo 120cm (1,2 m).<\/p>\n","protected":false},"featured_media":4953,"comment_status":"open","ping_status":"closed","template":"","meta":{"_et_pb_use_builder":"","_et_pb_old_content":"","_et_gb_content_width":""},"product_brand":[],"product_cat":[32],"product_tag":[],"class_list":{"0":"post-963","1":"product","2":"type-product","3":"status-publish","4":"has-post-thumbnail","6":"product_cat-climatizacion","8":"first","9":"instock","10":"shipping-taxable","11":"purchasable","12":"product-type-simple"},"_links":{"self":[{"href":"https:\/\/rubi.com.py\/index.php\/wp-json\/wp\/v2\/product\/963","targetHints":{"allow":["GET"]}}],"collection":[{"href":"https:\/\/rubi.com.py\/index.php\/wp-json\/wp\/v2\/product"}],"about":[{"href":"https:\/\/rubi.com.py\/index.php\/wp-json\/wp\/v2\/types\/product"}],"replies":[{"embeddable":true,"href":"https:\/\/rubi.com.py\/index.php\/wp-json\/wp\/v2\/comments?post=963"}],"wp:featuredmedia":[{"embeddable":true,"href":"https:\/\/rubi.com.py\/index.php\/wp-json\/wp\/v2\/media\/4953"}],"wp:attachment":[{"href":"https:\/\/rubi.com.py\/index.php\/wp-json\/wp\/v2\/media?parent=963"}],"wp:term":[{"taxonomy":"product_brand","embeddable":true,"href":"https:\/\/rubi.com.py\/index.php\/wp-json\/wp\/v2\/product_brand?post=963"},{"taxonomy":"product_cat","embeddable":true,"href":"https:\/\/rubi.com.py\/index.php\/wp-json\/wp\/v2\/product_cat?post=963"},{"taxonomy":"product_tag","embeddable":true,"href":"https:\/\/rubi.com.py\/index.php\/wp-json\/wp\/v2\/product_tag?post=963"}],"curies":[{"name":"wp","href":"https:\/\/api.w.org\/{rel}","templated":true}]}}