{"id":965,"date":"2025-10-07T15:47:26","date_gmt":"2025-10-07T13:47:26","guid":{"rendered":"https:\/\/rubi.com.py\/index.php\/producto\/cortina-de-aire-tokyo-c-control-1-m\/"},"modified":"2026-04-22T15:06:18","modified_gmt":"2026-04-22T13:06:18","slug":"cortina-de-aire-tokyo-c-control-1-m","status":"publish","type":"product","link":"https:\/\/rubi.com.py\/index.php\/producto\/cortina-de-aire-tokyo-c-control-1-m\/","title":{"rendered":"CORTINA DE AIRE TOKYO C\/CONTROL  1 M"},"content":{"rendered":"<p>* 2 modos de manejo manual y a control remoto. * Ideal para puertas con aberturas permanentes. * Con soporte para instalaci\u00f3n. * Con carcasa met\u00e1lica. * 2 velocidades. * Largo 100cm (1 m). Im\u00e1genes meramente ilustrativas. Im\u00e1genes e informaci\u00f3n sujetas a cambios sin previo aviso. Detalles t\u00e9cnicos: \u2022 ANCHO: 22,3 CM \u2022 ALTO: 25 CM \u2022 LARGO: 105 CM \u2022 PESO: 14600 GR<\/p>\n","protected":false},"excerpt":{"rendered":"<p>* 2 modos de manejo manual y a control remoto. * Ideal para puertas con aberturas permanentes. * Con soporte para instalaci\u00f3n. * Con carcasa met\u00e1lica. * 2 velocidades. * Largo 100cm (1 m). Im\u00e1genes meramente ilustrativas. Im\u00e1genes e informaci\u00f3n sujetas a cambios sin previo aviso.<\/p>\n","protected":false},"featured_media":4952,"comment_status":"open","ping_status":"closed","template":"","meta":{"_et_pb_use_builder":"","_et_pb_old_content":"","_et_gb_content_width":""},"product_brand":[],"product_cat":[32],"product_tag":[],"class_list":{"0":"post-965","1":"product","2":"type-product","3":"status-publish","4":"has-post-thumbnail","6":"product_cat-climatizacion","8":"first","9":"instock","10":"shipping-taxable","11":"purchasable","12":"product-type-simple"},"_links":{"self":[{"href":"https:\/\/rubi.com.py\/index.php\/wp-json\/wp\/v2\/product\/965","targetHints":{"allow":["GET"]}}],"collection":[{"href":"https:\/\/rubi.com.py\/index.php\/wp-json\/wp\/v2\/product"}],"about":[{"href":"https:\/\/rubi.com.py\/index.php\/wp-json\/wp\/v2\/types\/product"}],"replies":[{"embeddable":true,"href":"https:\/\/rubi.com.py\/index.php\/wp-json\/wp\/v2\/comments?post=965"}],"wp:featuredmedia":[{"embeddable":true,"href":"https:\/\/rubi.com.py\/index.php\/wp-json\/wp\/v2\/media\/4952"}],"wp:attachment":[{"href":"https:\/\/rubi.com.py\/index.php\/wp-json\/wp\/v2\/media?parent=965"}],"wp:term":[{"taxonomy":"product_brand","embeddable":true,"href":"https:\/\/rubi.com.py\/index.php\/wp-json\/wp\/v2\/product_brand?post=965"},{"taxonomy":"product_cat","embeddable":true,"href":"https:\/\/rubi.com.py\/index.php\/wp-json\/wp\/v2\/product_cat?post=965"},{"taxonomy":"product_tag","embeddable":true,"href":"https:\/\/rubi.com.py\/index.php\/wp-json\/wp\/v2\/product_tag?post=965"}],"curies":[{"name":"wp","href":"https:\/\/api.w.org\/{rel}","templated":true}]}}