{"id":975,"date":"2025-10-07T16:33:23","date_gmt":"2025-10-07T14:33:23","guid":{"rendered":"https:\/\/rubi.com.py\/index.php\/producto\/cortacesped-trapp-sl30s-electrico-1100w-s-bolsa\/"},"modified":"2026-04-22T15:01:32","modified_gmt":"2026-04-22T13:01:32","slug":"cortacesped-trapp-sl30s-electrico-1100w-s-bolsa","status":"publish","type":"product","link":"https:\/\/rubi.com.py\/index.php\/producto\/cortacesped-trapp-sl30s-electrico-1100w-s-bolsa\/","title":{"rendered":"CORTACESPED TRAPP SL30S ELECTRICO 1100W S\/ BOLSA"},"content":{"rendered":"<p>* Mango plegable, con revestimiento de PVC flexible, altamente aislante. * F\u00e1cil montaje, limpieza, almacenamiento y transporte. * Tratamiento anticorrosivo en todas las partes sujetas a oxidaci\u00f3n. * Con 10 metros de cable el\u00e9ctrico. * Exigir el uso de ambas manos para manejar la cuchilla para evitar conexiones accidentales. * Aislado, con plena protecci\u00f3n contra descargas el\u00e9ctricas.Juego de fijaci\u00f3n de la l\u00e2minade corte de alta resistencia, proporcionando un aislamiento total. * Tiene salida lateral. Detalles t\u00e9cnicos: \u2022 ANCHO: 43,5 CM \u2022 ALTO: 30 CM \u2022 LARGO: 65,5 CM \u2022 PESO: 17410 GR<\/p>\n","protected":false},"excerpt":{"rendered":"<p>* Mango plegable, con revestimiento de PVC flexible, altamente aislante. * F\u00e1cil montaje, limpieza, almacenamiento y transporte. * Tratamiento anticorrosivo en todas las partes sujetas a oxidaci\u00f3n. * Con 10 metros de cable el\u00e9ctrico. * Exigir el uso de ambas manos para manejar la cuchilla para evitar conexiones accidentales. * Aislado, con plena protecci\u00f3n contra descargas el\u00e9ctricas.Juego de fijaci\u00f3n de la l\u00e2minade corte de alta resistencia, proporcionando un aislamiento total. * Tiene salida lateral.<\/p>\n","protected":false},"featured_media":4947,"comment_status":"open","ping_status":"closed","template":"","meta":{"_et_pb_use_builder":"","_et_pb_old_content":"","_et_gb_content_width":""},"product_brand":[],"product_cat":[38],"product_tag":[],"class_list":{"0":"post-975","1":"product","2":"type-product","3":"status-publish","4":"has-post-thumbnail","6":"product_cat-hogar-y-limpieza","8":"first","9":"instock","10":"shipping-taxable","11":"purchasable","12":"product-type-simple"},"_links":{"self":[{"href":"https:\/\/rubi.com.py\/index.php\/wp-json\/wp\/v2\/product\/975","targetHints":{"allow":["GET"]}}],"collection":[{"href":"https:\/\/rubi.com.py\/index.php\/wp-json\/wp\/v2\/product"}],"about":[{"href":"https:\/\/rubi.com.py\/index.php\/wp-json\/wp\/v2\/types\/product"}],"replies":[{"embeddable":true,"href":"https:\/\/rubi.com.py\/index.php\/wp-json\/wp\/v2\/comments?post=975"}],"wp:featuredmedia":[{"embeddable":true,"href":"https:\/\/rubi.com.py\/index.php\/wp-json\/wp\/v2\/media\/4947"}],"wp:attachment":[{"href":"https:\/\/rubi.com.py\/index.php\/wp-json\/wp\/v2\/media?parent=975"}],"wp:term":[{"taxonomy":"product_brand","embeddable":true,"href":"https:\/\/rubi.com.py\/index.php\/wp-json\/wp\/v2\/product_brand?post=975"},{"taxonomy":"product_cat","embeddable":true,"href":"https:\/\/rubi.com.py\/index.php\/wp-json\/wp\/v2\/product_cat?post=975"},{"taxonomy":"product_tag","embeddable":true,"href":"https:\/\/rubi.com.py\/index.php\/wp-json\/wp\/v2\/product_tag?post=975"}],"curies":[{"name":"wp","href":"https:\/\/api.w.org\/{rel}","templated":true}]}}