{"id":979,"date":"2025-10-07T16:34:35","date_gmt":"2025-10-07T14:34:35","guid":{"rendered":"https:\/\/rubi.com.py\/index.php\/producto\/cortacesped-trapp-mc-50e-electrico-2500w-s-bolsa\/"},"modified":"2026-04-22T15:13:53","modified_gmt":"2026-04-22T13:13:53","slug":"cortacesped-trapp-mc-50e-electrico-2500w-s-bolsa","status":"publish","type":"product","link":"https:\/\/rubi.com.py\/index.php\/producto\/cortacesped-trapp-mc-50e-electrico-2500w-s-bolsa\/","title":{"rendered":"CORTACESPED TRAPP MC-50E ELECTRICO 2500W S\/ BOLSA"},"content":{"rendered":"<p>* 5 alturas de corte. * Ruedas recubiertas con neum\u00e1ticos de PVC. * Hoja de acero con la inducci\u00f3n de endurecimiento de la vanguardia. * Establecer para la fijaci\u00f3n de la cuchilla de corte de alta resistencia, lo que el aislamiento completo. * Mango plegable, con revestimiento de PVC flexible, altamente aislante. * Con 10 metros de cable el\u00e9ctrico. * F\u00e1cil montaje, limpieza, almacenamiento y transporte. * Exigir el uso de ambas manos para manejar la cuchilla para evitar conexiones accidentales. * Tratamiento anticorrosivo en todas las partes sujetas a oxidaci\u00f3n. * Pintar con pintura de poli\u00e9ster en polvo curado en un horno a 180 \u00b0 C, garantizando una mayor durabilidad y mejor acabado. * Tienen una salida lateral. * Potencia 2500W. Detalles t\u00e9cnicos: \u2022 ANCHO: 58 CM \u2022 ALTO: 42 CM \u2022 LARGO: 80 CM \u2022 PESO: 40083 GR<\/p>\n","protected":false},"excerpt":{"rendered":"<p>* 5 alturas de corte. * Ruedas recubiertas con neum\u00e1ticos de PVC. * Hoja de acero con la inducci\u00f3n de endurecimiento de la vanguardia. * Establecer para la fijaci\u00f3n de la cuchilla de corte de alta resistencia, lo que el aislamiento completo. * Mango plegable, con revestimiento de PVC flexible, altamente aislante. * Con 10 metros de cable el\u00e9ctrico. * F\u00e1cil montaje, limpieza, almacenamiento y transporte. * Exigir el uso de ambas manos para manejar la cuchilla para evitar conexiones accidentales. * Tratamiento anticorrosivo en todas las partes sujetas a oxidaci\u00f3n. * Pintar con pintura de poli\u00e9ster en polvo curado en un horno a 180 \u00b0 C, garantizando una mayor durabilidad y mejor acabado. * Tienen una salida lateral. * Potencia 2500W.<\/p>\n","protected":false},"featured_media":4965,"comment_status":"open","ping_status":"closed","template":"","meta":{"_et_pb_use_builder":"","_et_pb_old_content":"","_et_gb_content_width":""},"product_brand":[],"product_cat":[38],"product_tag":[],"class_list":{"0":"post-979","1":"product","2":"type-product","3":"status-publish","4":"has-post-thumbnail","6":"product_cat-hogar-y-limpieza","8":"first","9":"instock","10":"shipping-taxable","11":"purchasable","12":"product-type-simple"},"_links":{"self":[{"href":"https:\/\/rubi.com.py\/index.php\/wp-json\/wp\/v2\/product\/979","targetHints":{"allow":["GET"]}}],"collection":[{"href":"https:\/\/rubi.com.py\/index.php\/wp-json\/wp\/v2\/product"}],"about":[{"href":"https:\/\/rubi.com.py\/index.php\/wp-json\/wp\/v2\/types\/product"}],"replies":[{"embeddable":true,"href":"https:\/\/rubi.com.py\/index.php\/wp-json\/wp\/v2\/comments?post=979"}],"wp:featuredmedia":[{"embeddable":true,"href":"https:\/\/rubi.com.py\/index.php\/wp-json\/wp\/v2\/media\/4965"}],"wp:attachment":[{"href":"https:\/\/rubi.com.py\/index.php\/wp-json\/wp\/v2\/media?parent=979"}],"wp:term":[{"taxonomy":"product_brand","embeddable":true,"href":"https:\/\/rubi.com.py\/index.php\/wp-json\/wp\/v2\/product_brand?post=979"},{"taxonomy":"product_cat","embeddable":true,"href":"https:\/\/rubi.com.py\/index.php\/wp-json\/wp\/v2\/product_cat?post=979"},{"taxonomy":"product_tag","embeddable":true,"href":"https:\/\/rubi.com.py\/index.php\/wp-json\/wp\/v2\/product_tag?post=979"}],"curies":[{"name":"wp","href":"https:\/\/api.w.org\/{rel}","templated":true}]}}