{"id":981,"date":"2025-10-07T16:34:54","date_gmt":"2025-10-07T14:34:54","guid":{"rendered":"https:\/\/rubi.com.py\/index.php\/producto\/cortacesped-trapp-mb-51e-electrico-2500w-c-bolsa\/"},"modified":"2026-04-22T15:13:31","modified_gmt":"2026-04-22T13:13:31","slug":"cortacesped-trapp-mb-51e-electrico-2500w-c-bolsa","status":"publish","type":"product","link":"https:\/\/rubi.com.py\/index.php\/producto\/cortacesped-trapp-mb-51e-electrico-2500w-c-bolsa\/","title":{"rendered":"CORTACESPED TRAPP MB-51E ELECTRICO 2500W C\/ BOLSA"},"content":{"rendered":"<p>* Productos de \u00faltima generaci\u00f3n, eficiente y segura. * Sistemas de arranque manual y aceleraci\u00f3n. * Ruedas recubierto de neum\u00e1ticos de caucho. * 9 alturas de corte. * Gama de corte de 51 cm. * Hoja de acero con la inducci\u00f3n de endurecimiento de la vanguardia. * Tratamiento anticorrosivo en todas las partes. Detalles t\u00e9cnicos: \u2022 ANCHO: 60 CM \u2022 ALTO: 41 CM \u2022 LARGO: 100 CM \u2022 PESO: 46300 GR<\/p>\n","protected":false},"excerpt":{"rendered":"<p>* Productos de \u00faltima generaci\u00f3n, eficiente y segura. * Sistemas de arranque manual y aceleraci\u00f3n. * Ruedas recubierto de neum\u00e1ticos de caucho. * 9 alturas de corte. * Gama de corte de 51 cm. * Hoja de acero con la inducci\u00f3n de endurecimiento de la vanguardia. * Tratamiento anticorrosivo en todas las partes.<\/p>\n","protected":false},"featured_media":4964,"comment_status":"open","ping_status":"closed","template":"","meta":{"_et_pb_use_builder":"","_et_pb_old_content":"","_et_gb_content_width":""},"product_brand":[],"product_cat":[38],"product_tag":[],"class_list":{"0":"post-981","1":"product","2":"type-product","3":"status-publish","4":"has-post-thumbnail","6":"product_cat-hogar-y-limpieza","8":"first","9":"instock","10":"shipping-taxable","11":"purchasable","12":"product-type-simple"},"_links":{"self":[{"href":"https:\/\/rubi.com.py\/index.php\/wp-json\/wp\/v2\/product\/981","targetHints":{"allow":["GET"]}}],"collection":[{"href":"https:\/\/rubi.com.py\/index.php\/wp-json\/wp\/v2\/product"}],"about":[{"href":"https:\/\/rubi.com.py\/index.php\/wp-json\/wp\/v2\/types\/product"}],"replies":[{"embeddable":true,"href":"https:\/\/rubi.com.py\/index.php\/wp-json\/wp\/v2\/comments?post=981"}],"wp:featuredmedia":[{"embeddable":true,"href":"https:\/\/rubi.com.py\/index.php\/wp-json\/wp\/v2\/media\/4964"}],"wp:attachment":[{"href":"https:\/\/rubi.com.py\/index.php\/wp-json\/wp\/v2\/media?parent=981"}],"wp:term":[{"taxonomy":"product_brand","embeddable":true,"href":"https:\/\/rubi.com.py\/index.php\/wp-json\/wp\/v2\/product_brand?post=981"},{"taxonomy":"product_cat","embeddable":true,"href":"https:\/\/rubi.com.py\/index.php\/wp-json\/wp\/v2\/product_cat?post=981"},{"taxonomy":"product_tag","embeddable":true,"href":"https:\/\/rubi.com.py\/index.php\/wp-json\/wp\/v2\/product_tag?post=981"}],"curies":[{"name":"wp","href":"https:\/\/api.w.org\/{rel}","templated":true}]}}