{"id":985,"date":"2025-10-07T16:35:59","date_gmt":"2025-10-07T14:35:59","guid":{"rendered":"https:\/\/rubi.com.py\/index.php\/producto\/cortacesped-trapp-lf-80rm-naftero-3-5hp-s-bolsa\/"},"modified":"2026-04-22T15:12:25","modified_gmt":"2026-04-22T13:12:25","slug":"cortacesped-trapp-lf-80rm-naftero-3-5hp-s-bolsa","status":"publish","type":"product","link":"https:\/\/rubi.com.py\/index.php\/producto\/cortacesped-trapp-lf-80rm-naftero-3-5hp-s-bolsa\/","title":{"rendered":"CORTACESPED TRAPP LF-80RM NAFTERO 3.5HP S\/ BOLSA"},"content":{"rendered":"<p>* Potencia 3,5 HP. * Rango de corte 48 cm. * Regulaci\u00f3n de altura 9 posiciones. * Mango ergon\u00f3mico y plegable. * Ruedas traseras m\u00e1s grandes. * Rendimento aproximado de 800m\u00b2h. * Chasis de metal. Detalles t\u00e9cnicos: \u2022 ANCHO: 61 CM \u2022 ALTO: 41 CM \u2022 LARGO: 93 CM \u2022 PESO: 17500 GR<\/p>\n","protected":false},"excerpt":{"rendered":"<p>* Potencia 3,5 HP. * Rango de corte 48 cm. * Regulaci\u00f3n de altura 9 posiciones. * Mango ergon\u00f3mico y plegable. * Ruedas traseras m\u00e1s grandes. * Rendimento aproximado de 800m\u00b2h. * Chasis de metal.<\/p>\n","protected":false},"featured_media":4962,"comment_status":"open","ping_status":"closed","template":"","meta":{"_et_pb_use_builder":"","_et_pb_old_content":"","_et_gb_content_width":""},"product_brand":[],"product_cat":[38],"product_tag":[],"class_list":{"0":"post-985","1":"product","2":"type-product","3":"status-publish","4":"has-post-thumbnail","6":"product_cat-hogar-y-limpieza","8":"first","9":"instock","10":"shipping-taxable","11":"purchasable","12":"product-type-simple"},"_links":{"self":[{"href":"https:\/\/rubi.com.py\/index.php\/wp-json\/wp\/v2\/product\/985","targetHints":{"allow":["GET"]}}],"collection":[{"href":"https:\/\/rubi.com.py\/index.php\/wp-json\/wp\/v2\/product"}],"about":[{"href":"https:\/\/rubi.com.py\/index.php\/wp-json\/wp\/v2\/types\/product"}],"replies":[{"embeddable":true,"href":"https:\/\/rubi.com.py\/index.php\/wp-json\/wp\/v2\/comments?post=985"}],"wp:featuredmedia":[{"embeddable":true,"href":"https:\/\/rubi.com.py\/index.php\/wp-json\/wp\/v2\/media\/4962"}],"wp:attachment":[{"href":"https:\/\/rubi.com.py\/index.php\/wp-json\/wp\/v2\/media?parent=985"}],"wp:term":[{"taxonomy":"product_brand","embeddable":true,"href":"https:\/\/rubi.com.py\/index.php\/wp-json\/wp\/v2\/product_brand?post=985"},{"taxonomy":"product_cat","embeddable":true,"href":"https:\/\/rubi.com.py\/index.php\/wp-json\/wp\/v2\/product_cat?post=985"},{"taxonomy":"product_tag","embeddable":true,"href":"https:\/\/rubi.com.py\/index.php\/wp-json\/wp\/v2\/product_tag?post=985"}],"curies":[{"name":"wp","href":"https:\/\/api.w.org\/{rel}","templated":true}]}}