{"id":989,"date":"2025-10-07T16:36:51","date_gmt":"2025-10-07T14:36:51","guid":{"rendered":"https:\/\/rubi.com.py\/index.php\/producto\/cortacesped-trapp-lf-600g-naftero-6-5hp-s-bolsa\/"},"modified":"2026-04-22T15:11:37","modified_gmt":"2026-04-22T13:11:37","slug":"cortacesped-trapp-lf-600g-naftero-6-5hp-s-bolsa","status":"publish","type":"product","link":"https:\/\/rubi.com.py\/index.php\/producto\/cortacesped-trapp-lf-600g-naftero-6-5hp-s-bolsa\/","title":{"rendered":"CORTACESPED TRAPP LF-600G NAFTERO 6.5HP S\/ BOLSA"},"content":{"rendered":"<p>* Potencia 6,5 HP.* Rango de corte 48 cm. * Rendimento aproximado de 800m\u00b2-h. * Regulaci\u00f3n de altura 5 posiciones. * Mango ergon\u00f3mico y plegable. * Chasis de metal. Im\u00e1genes meramente ilustrativas. Im\u00e1genes e informaci\u00f3n sujetas a cambios sin previo aviso. Detalles t\u00e9cnicos: \u2022 ANCHO: 60 CM \u2022 ALTO: 43 CM \u2022 LARGO: 80 CM \u2022 PESO: 27400 GR<\/p>\n","protected":false},"excerpt":{"rendered":"<p>* Potencia 6,5 HP.* Rango de corte 48 cm. * Rendimento aproximado de 800m\u00b2-h. * Regulaci\u00f3n de altura 5 posiciones. * Mango ergon\u00f3mico y plegable. * Chasis de metal. Im\u00e1genes meramente ilustrativas. Im\u00e1genes e informaci\u00f3n sujetas a cambios sin previo aviso.<\/p>\n","protected":false},"featured_media":4960,"comment_status":"open","ping_status":"closed","template":"","meta":{"_et_pb_use_builder":"","_et_pb_old_content":"","_et_gb_content_width":""},"product_brand":[],"product_cat":[38],"product_tag":[],"class_list":{"0":"post-989","1":"product","2":"type-product","3":"status-publish","4":"has-post-thumbnail","6":"product_cat-hogar-y-limpieza","8":"first","9":"instock","10":"shipping-taxable","11":"purchasable","12":"product-type-simple"},"_links":{"self":[{"href":"https:\/\/rubi.com.py\/index.php\/wp-json\/wp\/v2\/product\/989","targetHints":{"allow":["GET"]}}],"collection":[{"href":"https:\/\/rubi.com.py\/index.php\/wp-json\/wp\/v2\/product"}],"about":[{"href":"https:\/\/rubi.com.py\/index.php\/wp-json\/wp\/v2\/types\/product"}],"replies":[{"embeddable":true,"href":"https:\/\/rubi.com.py\/index.php\/wp-json\/wp\/v2\/comments?post=989"}],"wp:featuredmedia":[{"embeddable":true,"href":"https:\/\/rubi.com.py\/index.php\/wp-json\/wp\/v2\/media\/4960"}],"wp:attachment":[{"href":"https:\/\/rubi.com.py\/index.php\/wp-json\/wp\/v2\/media?parent=989"}],"wp:term":[{"taxonomy":"product_brand","embeddable":true,"href":"https:\/\/rubi.com.py\/index.php\/wp-json\/wp\/v2\/product_brand?post=989"},{"taxonomy":"product_cat","embeddable":true,"href":"https:\/\/rubi.com.py\/index.php\/wp-json\/wp\/v2\/product_cat?post=989"},{"taxonomy":"product_tag","embeddable":true,"href":"https:\/\/rubi.com.py\/index.php\/wp-json\/wp\/v2\/product_tag?post=989"}],"curies":[{"name":"wp","href":"https:\/\/api.w.org\/{rel}","templated":true}]}}