{"id":991,"date":"2025-10-07T16:37:09","date_gmt":"2025-10-07T14:37:09","guid":{"rendered":"https:\/\/rubi.com.py\/index.php\/producto\/cortacesped-manual-trapp-master-2001\/"},"modified":"2026-04-22T15:11:08","modified_gmt":"2026-04-22T13:11:08","slug":"cortacesped-manual-trapp-master-2001","status":"publish","type":"product","link":"https:\/\/rubi.com.py\/index.php\/producto\/cortacesped-manual-trapp-master-2001\/","title":{"rendered":"CORTACESPED MANUAL TRAPP MASTER 2001"},"content":{"rendered":"<p>* Mango ergon\u00f3mico para mayor comodidad. * Regulaci\u00f3n de altura 3 posiciones. * Cuchilla trav\u00e9s de sistema de auto-afilado de cuchillas rotativas. * Ruedas de polipropileno. * Tratamiento anticorrosivo en todas las partes sujetas a oxidaci\u00f3n. * Rango de corte 38 cm. * Cabo plegable y ruedas de polipropileno. Detalles t\u00e9cnicos: \u2022 ANCHO: 43 CM \u2022 ALTO: 25 CM \u2022 LARGO: 66 CM \u2022 PESO: 9700 GR<\/p>\n","protected":false},"excerpt":{"rendered":"<p>* Mango ergon\u00f3mico para mayor comodidad. * Regulaci\u00f3n de altura 3 posiciones. * Cuchilla trav\u00e9s de sistema de auto-afilado de cuchillas rotativas. * Ruedas de polipropileno. * Tratamiento anticorrosivo en todas las partes sujetas a oxidaci\u00f3n. * Rango de corte 38 cm. * Cabo plegable y ruedas de polipropileno.<\/p>\n","protected":false},"featured_media":4959,"comment_status":"open","ping_status":"closed","template":"","meta":{"_et_pb_use_builder":"","_et_pb_old_content":"","_et_gb_content_width":""},"product_brand":[],"product_cat":[38],"product_tag":[],"class_list":{"0":"post-991","1":"product","2":"type-product","3":"status-publish","4":"has-post-thumbnail","6":"product_cat-hogar-y-limpieza","8":"first","9":"instock","10":"shipping-taxable","11":"purchasable","12":"product-type-simple"},"_links":{"self":[{"href":"https:\/\/rubi.com.py\/index.php\/wp-json\/wp\/v2\/product\/991","targetHints":{"allow":["GET"]}}],"collection":[{"href":"https:\/\/rubi.com.py\/index.php\/wp-json\/wp\/v2\/product"}],"about":[{"href":"https:\/\/rubi.com.py\/index.php\/wp-json\/wp\/v2\/types\/product"}],"replies":[{"embeddable":true,"href":"https:\/\/rubi.com.py\/index.php\/wp-json\/wp\/v2\/comments?post=991"}],"wp:featuredmedia":[{"embeddable":true,"href":"https:\/\/rubi.com.py\/index.php\/wp-json\/wp\/v2\/media\/4959"}],"wp:attachment":[{"href":"https:\/\/rubi.com.py\/index.php\/wp-json\/wp\/v2\/media?parent=991"}],"wp:term":[{"taxonomy":"product_brand","embeddable":true,"href":"https:\/\/rubi.com.py\/index.php\/wp-json\/wp\/v2\/product_brand?post=991"},{"taxonomy":"product_cat","embeddable":true,"href":"https:\/\/rubi.com.py\/index.php\/wp-json\/wp\/v2\/product_cat?post=991"},{"taxonomy":"product_tag","embeddable":true,"href":"https:\/\/rubi.com.py\/index.php\/wp-json\/wp\/v2\/product_tag?post=991"}],"curies":[{"name":"wp","href":"https:\/\/api.w.org\/{rel}","templated":true}]}}