{"id":993,"date":"2025-10-07T16:37:33","date_gmt":"2025-10-07T14:37:33","guid":{"rendered":"https:\/\/rubi.com.py\/index.php\/producto\/cortabarba-remington-t-series-mod-mb20a\/"},"modified":"2026-04-22T15:08:49","modified_gmt":"2026-04-22T13:08:49","slug":"cortabarba-remington-t-series-mod-mb20a","status":"publish","type":"product","link":"https:\/\/rubi.com.py\/index.php\/producto\/cortabarba-remington-t-series-mod-mb20a\/","title":{"rendered":"CORTABARBA REMINGTON T-SERIES MOD MB20A"},"content":{"rendered":"<p>* 15mm -Hasta 60 minutos de uso sin cable. * Peine ajustable de precisi\u00f3n (1-5 mm). * Recortadora en forma de T de 30 mm. * Cuchillas lavables para facil limpieza. * Adaptador de corriente + cable USB. * Bolsa para almacenamiento. * 4 horas de tiempo de carga. * Cuchilla de detalle 7 mm. * Indicador LED de carga. * 6 peines gu\u00eda fijos 1.5. Im\u00e1genes meramente ilustrativas. Im\u00e1genes e informaci\u00f3n sujetas a cambios sin previo aviso. Detalles t\u00e9cnicos: \u2022 ANCHO: 6,5 CM \u2022 ALTO: 25,5 CM \u2022 LARGO: 14 CM \u2022 PESO: 461 GR<\/p>\n","protected":false},"excerpt":{"rendered":"<p>* 15mm -Hasta 60 minutos de uso sin cable. * Peine ajustable de precisi\u00f3n (1-5 mm). * Recortadora en forma de T de 30 mm. * Cuchillas lavables para facil limpieza. * Adaptador de corriente + cable USB. * Bolsa para almacenamiento. * 4 horas de tiempo de carga. * Cuchilla de detalle 7 mm. * Indicador LED de carga. * 6 peines gu\u00eda fijos 1.5. Im\u00e1genes meramente ilustrativas. Im\u00e1genes e informaci\u00f3n sujetas a cambios sin previo aviso.<\/p>\n","protected":false},"featured_media":4957,"comment_status":"open","ping_status":"closed","template":"","meta":{"_et_pb_use_builder":"","_et_pb_old_content":"","_et_gb_content_width":""},"product_brand":[],"product_cat":[45],"product_tag":[],"class_list":{"0":"post-993","1":"product","2":"type-product","3":"status-publish","4":"has-post-thumbnail","6":"product_cat-salud-y-belleza","8":"first","9":"instock","10":"shipping-taxable","11":"purchasable","12":"product-type-simple"},"_links":{"self":[{"href":"https:\/\/rubi.com.py\/index.php\/wp-json\/wp\/v2\/product\/993","targetHints":{"allow":["GET"]}}],"collection":[{"href":"https:\/\/rubi.com.py\/index.php\/wp-json\/wp\/v2\/product"}],"about":[{"href":"https:\/\/rubi.com.py\/index.php\/wp-json\/wp\/v2\/types\/product"}],"replies":[{"embeddable":true,"href":"https:\/\/rubi.com.py\/index.php\/wp-json\/wp\/v2\/comments?post=993"}],"wp:featuredmedia":[{"embeddable":true,"href":"https:\/\/rubi.com.py\/index.php\/wp-json\/wp\/v2\/media\/4957"}],"wp:attachment":[{"href":"https:\/\/rubi.com.py\/index.php\/wp-json\/wp\/v2\/media?parent=993"}],"wp:term":[{"taxonomy":"product_brand","embeddable":true,"href":"https:\/\/rubi.com.py\/index.php\/wp-json\/wp\/v2\/product_brand?post=993"},{"taxonomy":"product_cat","embeddable":true,"href":"https:\/\/rubi.com.py\/index.php\/wp-json\/wp\/v2\/product_cat?post=993"},{"taxonomy":"product_tag","embeddable":true,"href":"https:\/\/rubi.com.py\/index.php\/wp-json\/wp\/v2\/product_tag?post=993"}],"curies":[{"name":"wp","href":"https:\/\/api.w.org\/{rel}","templated":true}]}}