{"id":995,"date":"2025-10-07T16:38:25","date_gmt":"2025-10-07T14:38:25","guid":{"rendered":"https:\/\/rubi.com.py\/index.php\/producto\/congelador-tokyo-tocon350df-295-net-t-ciega-cerrluz-ledcesta\/"},"modified":"2026-04-22T15:17:49","modified_gmt":"2026-04-22T13:17:49","slug":"congelador-tokyo-tocon350df-295-net-t-ciega-cerrluz-ledcesta","status":"publish","type":"product","link":"https:\/\/rubi.com.py\/index.php\/producto\/congelador-tokyo-tocon350df-295-net-t-ciega-cerrluz-ledcesta\/","title":{"rendered":"CONGELADOR TOKYO TOCON350DF 295 NET T\/ CIEGA CERR+LUZ LED+CESTA"},"content":{"rendered":"<p>* Doble funci\u00f3n refrigera y congela. * Capacidad neta 295L. * Interior blanco e-poxi. * Condensador interior. * Con luz LED interna. * Control mec\u00e1nico. * Cerradura y llave. * Incluye Canasta. * 1 tapa. Im\u00e1genes meramente ilustrativas. Im\u00e1genes e informaci\u00f3n sujetas a cambios sin previo aviso. Detalles t\u00e9cnicos: \u2022 ANCHO: 69,5 CM \u2022 ALTO: 88 CM \u2022 LARGO: 115 CM \u2022 PESO: 46000 GR<\/p>\n","protected":false},"excerpt":{"rendered":"<p>* Doble funci\u00f3n refrigera y congela. * Capacidad neta 295L. * Interior blanco e-poxi. * Condensador interior. * Con luz LED interna. * Control mec\u00e1nico. * Cerradura y llave. * Incluye Canasta. * 1 tapa. Im\u00e1genes meramente ilustrativas. Im\u00e1genes e informaci\u00f3n sujetas a cambios sin previo aviso.<\/p>\n","protected":false},"featured_media":4974,"comment_status":"open","ping_status":"closed","template":"","meta":{"_et_pb_use_builder":"","_et_pb_old_content":"","_et_gb_content_width":""},"product_brand":[],"product_cat":[43],"product_tag":[],"class_list":{"0":"post-995","1":"product","2":"type-product","3":"status-publish","4":"has-post-thumbnail","6":"product_cat-refrigeracion","8":"first","9":"instock","10":"shipping-taxable","11":"purchasable","12":"product-type-simple"},"_links":{"self":[{"href":"https:\/\/rubi.com.py\/index.php\/wp-json\/wp\/v2\/product\/995","targetHints":{"allow":["GET"]}}],"collection":[{"href":"https:\/\/rubi.com.py\/index.php\/wp-json\/wp\/v2\/product"}],"about":[{"href":"https:\/\/rubi.com.py\/index.php\/wp-json\/wp\/v2\/types\/product"}],"replies":[{"embeddable":true,"href":"https:\/\/rubi.com.py\/index.php\/wp-json\/wp\/v2\/comments?post=995"}],"wp:featuredmedia":[{"embeddable":true,"href":"https:\/\/rubi.com.py\/index.php\/wp-json\/wp\/v2\/media\/4974"}],"wp:attachment":[{"href":"https:\/\/rubi.com.py\/index.php\/wp-json\/wp\/v2\/media?parent=995"}],"wp:term":[{"taxonomy":"product_brand","embeddable":true,"href":"https:\/\/rubi.com.py\/index.php\/wp-json\/wp\/v2\/product_brand?post=995"},{"taxonomy":"product_cat","embeddable":true,"href":"https:\/\/rubi.com.py\/index.php\/wp-json\/wp\/v2\/product_cat?post=995"},{"taxonomy":"product_tag","embeddable":true,"href":"https:\/\/rubi.com.py\/index.php\/wp-json\/wp\/v2\/product_tag?post=995"}],"curies":[{"name":"wp","href":"https:\/\/api.w.org\/{rel}","templated":true}]}}